{"id":363,"date":"2015-04-10T12:49:12","date_gmt":"2015-04-10T12:49:12","guid":{"rendered":"http:\/\/kalobuve.vartucentrs.lv\/?page_id=363"},"modified":"2015-04-11T07:30:31","modified_gmt":"2015-04-11T07:30:31","slug":"plaster","status":"publish","type":"page","link":"https:\/\/staging.kalobuve.lv\/en\/plaster\/","title":{"rendered":"Plaster"},"content":{"rendered":"<div class=\"selector-box\">\n<div class=\"selector selector-current\"><a href=\"https:\/\/staging.kalobuve.lv\/en\/plaster\/\">Apmetums<\/a><\/div>\n<div class=\"selector\"><a href=\"https:\/\/staging.kalobuve.lv\/en\/plaster\/materials\/\">Materi\u0101li<\/a><\/div>\n<\/div>\n<p><img decoding=\"async\" loading=\"lazy\" class=\" size-full wp-image-96 alignright\" src=\"http:\/\/kalobuve.vartucentrs.lv\/wp-content\/uploads\/2015\/04\/Putzmaister2s.jpg\" alt=\"Putzmaister2s\" width=\"400\" height=\"400\" srcset=\"https:\/\/staging.kalobuve.lv\/wp-content\/uploads\/2015\/04\/Putzmaister2s.jpg 400w, https:\/\/staging.kalobuve.lv\/wp-content\/uploads\/2015\/04\/Putzmaister2s-150x150.jpg 150w, https:\/\/staging.kalobuve.lv\/wp-content\/uploads\/2015\/04\/Putzmaister2s-300x300.jpg 300w\" sizes=\"(max-width: 400px) 100vw, 400px\" \/>Pied\u0101v\u0101jam apmet\u0113ju pakalpojumus. Darbus veicam izmantojot profesion\u0101lu iek\u0101rtu &#8211; v\u0101cu firmas Putzmaister MP75 apmetuma ma\u0161\u012bnu.<\/p>\n<p>Izmantojot apme\u0161anas iek\u0101rtu, darbus var paveikt 3-4 reizes \u012bs\u0101k\u0101 laik\u0101, sal\u012bdzot ar apmetumu, ko uzkl\u0101j ar rok\u0101m. Sausais mais\u012bjums tiek b\u0113rts iek\u0101rt\u0101, kas to sajauc ar \u016bdeni nepiecie\u0161amaj\u0101 proporcij\u0101, t\u0101d\u0113j\u0101di pan\u0101kot viendab\u012bgu apmetuma masu. Ar \u0161\u0101di sagatavotu apmetumu var izveidot gludu, prec\u012bzu virsmu, uz kuras turpm\u0101k b\u016bs viegli veikt balto apdari.<\/p>\n<p>Apmetumi iedal\u0101s div\u0101s liel\u0101s grup\u0101s &#8211; \u0123ip\u0161a un ka\u013c\u0137a\/cementa apmetums.<\/p>\n<p>Izv\u0113loties \u0123ip\u0161a sast\u0101vu, J\u016bs ieg\u016bsiet gludu virsmu uz kuras b\u016bs \u0113rti veikt t\u0101l\u0101kos apdares darbus. B\u016bs neliels nobeiguma \u0161pahteles pat\u0113ri\u0146\u0161. \u0122ip\u0161a apmetums ir piem\u0113rots ar\u012b telp\u0101m ar norm\u0101lu mitrumu, (dz\u012bvojam\u0101s m\u0101jas vannas istaba, virtuve), ta\u010du nav piem\u0113rots telp\u0101m ar paaugstin\u0101tu mitrumu un nav ieteicams izmantot \u0101rdarbos.<\/p>\n<p>Izv\u0113loties ka\u013c\u0137a\/cementa mais\u012bjumu, J\u016bs ieg\u016bsiet mazliet rupj\u0101ku virsmu, kas pras\u012bs nedaudz liel\u0101ku p\u0113capstr\u0101di, izveidojot balto apdari, ta\u010du apmetums b\u016bs ciet\u0101ks un neuzs\u016bks mitrumu. \u0160o apmetumu var izmantot gan iek\u0161telp\u0101s gan \u0101ra darbos, ta\u010du b\u016btu \u012bpa\u0161i ieteicams telp\u0101s ar paaugstin\u0101tu mitrumu, k\u0101 piem\u0113ram, pagrabos, du\u0161\u0101s u.c.<\/p>\n<p>Pla\u0161\u0101k ar katra materi\u0101la pielietojumu varat iepaz\u012bties sada\u013c\u0101 Materi\u0101li.<\/p>\n ","protected":false},"excerpt":{"rendered":"<p>Apmetums Materi\u0101li Pied\u0101v\u0101jam apmet\u0113ju pakalpojumus. Darbus veicam izmantojot profesion\u0101lu iek\u0101rtu &#8211; v\u0101cu firmas Putzmaister MP75 apmetuma ma\u0161\u012bnu. Izmantojot apme\u0161anas iek\u0101rtu, darbus var paveikt 3-4 reizes \u012bs\u0101k\u0101 laik\u0101, sal\u012bdzot ar apmetumu, ko uzkl\u0101j ar rok\u0101m. Sausais mais\u012bjums tiek b\u0113rts iek\u0101rt\u0101, kas to sajauc ar \u016bdeni nepiecie\u0161amaj\u0101 proporcij\u0101, t\u0101d\u0113j\u0101di pan\u0101kot viendab\u012bgu apmetuma masu. Ar \u0161\u0101di sagatavotu apmetumu &#8230; <a class=\"read-more\" href=\"https:\/\/staging.kalobuve.lv\/en\/plaster\/\">Read more<\/a><\/p>\n","protected":false},"author":1,"featured_media":0,"parent":0,"menu_order":0,"comment_status":"closed","ping_status":"closed","template":"","meta":{"footnotes":""},"_links":{"self":[{"href":"https:\/\/staging.kalobuve.lv\/en\/wp-json\/wp\/v2\/pages\/363"}],"collection":[{"href":"https:\/\/staging.kalobuve.lv\/en\/wp-json\/wp\/v2\/pages"}],"about":[{"href":"https:\/\/staging.kalobuve.lv\/en\/wp-json\/wp\/v2\/types\/page"}],"author":[{"embeddable":true,"href":"https:\/\/staging.kalobuve.lv\/en\/wp-json\/wp\/v2\/users\/1"}],"replies":[{"embeddable":true,"href":"https:\/\/staging.kalobuve.lv\/en\/wp-json\/wp\/v2\/comments?post=363"}],"version-history":[{"count":3,"href":"https:\/\/staging.kalobuve.lv\/en\/wp-json\/wp\/v2\/pages\/363\/revisions"}],"predecessor-version":[{"id":537,"href":"https:\/\/staging.kalobuve.lv\/en\/wp-json\/wp\/v2\/pages\/363\/revisions\/537"}],"wp:attachment":[{"href":"https:\/\/staging.kalobuve.lv\/en\/wp-json\/wp\/v2\/media?parent=363"}],"curies":[{"name":"wp","href":"https:\/\/api.w.org\/{rel}","templated":true}]}}