{"id":364,"date":"2015-04-10T12:51:11","date_gmt":"2015-04-10T12:51:11","guid":{"rendered":"http:\/\/kalobuve.vartucentrs.lv\/?page_id=364"},"modified":"2015-04-10T12:51:11","modified_gmt":"2015-04-10T12:51:11","slug":"materials","status":"publish","type":"page","link":"https:\/\/staging.kalobuve.lv\/en\/plaster\/materials\/","title":{"rendered":"Materials"},"content":{"rendered":"<div class=\"selector-box\">\n<div class=\"selector\"><a href=\"https:\/\/staging.kalobuve.lv\/en\/plaster\/\">Apmetums<\/a><\/div>\n<div class=\"selector selector-current\"><a href=\"https:\/\/staging.kalobuve.lv\/en\/plaster\/materials\/\">Materi\u0101li<\/a><\/div>\n<\/div>\n<h3>\u0122ip\u0161a apmetums<\/h3>\n\n<table id=\"tablepress-3\" class=\"tablepress tablepress-id-3\">\n<tbody>\n<tr class=\"row-1\">\n\t<td colspan=\"2\" class=\"column-1\">Knauf MP-75<\/td>\n<\/tr>\n<tr class=\"row-2\">\n\t<td class=\"column-1\"><img src=\"\/wp-content\/uploads\/2015\/04\/knauf-mp75.jpg\"><\/td><td class=\"column-2\">Knauf MP 75 ir r\u016bpnieciski sagatavots, vienk\u0101rtas apmetums sien\u0101m un griestiem. Piem\u0113rots visu veidu raupj\u0101m virsm\u0101m \u2013 monol\u012bto betona pane\u013cu, visu veidu bloku, \u0137ie\u0123e\u013cu apme\u0161anai. Lietojams vis\u0101m telp\u0101m ar norm\u0101lu mitrumu, ar\u012b dz\u012bvojamo \u0113ku virtuv\u0113m, vannas istab\u0101m u.c. mitr\u0101m telp\u0101m. Paredz\u0113ts iek\u0161darbiem. Meh\u0101niskai izstr\u0101dei, vien\u0101 k\u0101rt\u0101.<br \/>\n<br \/>\nMinim\u0101lais apmetuma biezums 10 mm.<br \/>\n<br \/>\nPat\u0113ri\u0146\u0161: apm. 10,5 kg\/m2, ja k\u0101rtas biezums ir 10 mm<br \/>\n<br \/>\nIepakojums: 30 kg<\/td>\n<\/tr>\n<tr class=\"row-3\">\n\t<td colspan=\"2\" class=\"column-1\">Knauf MP-75 Lite<\/td>\n<\/tr>\n<tr class=\"row-4\">\n\t<td class=\"column-1\"><img src=\"\/wp-content\/uploads\/2015\/04\/knauf-mp75.jpg\"><\/td><td class=\"column-2\">Knauf MP 75 L ir r\u016bpnieciski sagatavots, viegls un ekonomisks apmetums, ar speci\u0101l\u0101m piedev\u0101m. Piem\u0113rots visu veidu raupj\u0101m virsm\u0101m \u2013 monol\u012bto betona pane\u013cu, visu veidu bloku, \u0137ie\u0123e\u013cu apme\u0161anai. Lietojams vis\u0101m telp\u0101m ar norm\u0101lu mitrumu, ar\u012b dz\u012bvojamo \u0113ku virtuv\u0113m, vannas istab\u0101m u.c. mitr\u0101m telp\u0101m. Paredz\u0113ts iek\u0161darbiem. Meh\u0101niskai izstr\u0101dei, vien\u0101 k\u0101rt\u0101.<br \/>\n<br \/>\nPat\u0113ri\u0146\u0161: apm. 8 kg\/m2, ja k\u0101rtas biezums ir 10 mm<br \/>\n<br \/>\nIepakojums: 30 kg<\/td>\n<\/tr>\n<tr class=\"row-5\">\n\t<td colspan=\"2\" class=\"column-1\">Atlas Tempo Dolyna<\/td>\n<\/tr>\n<tr class=\"row-6\">\n\t<td class=\"column-1\"><img src=\"\/wp-content\/uploads\/2015\/04\/knauf-mp75-lite.jpg\"><\/td><td class=\"column-2\">\u0122ip\u0161a apmetums meh\u0101niskai un tradicion\u0101lai izstr\u0101dei. Paredz\u0113tsatbilsto\u0161i sagatavotu sienu (no keramikas elementiem, smil\u0161u-ka\u013c\u0137u \u0137ie\u0123e\u013ciem, parast\u0101 un \u0161\u016bnu betona, k\u0101 ar\u012b no cementa-skaidu pl\u0101ksn\u0113m telp\u0101s ar norm\u0101lu gaisa mitrumu, k\u0101 ar\u012b virtuv\u0113s un vannas istab\u0101s) virsmu apdarei. Iekl\u0101tais apmetums aizsarg\u0101 \u0113kas konstrukt\u012bvos elementus no uguns.<br \/>\n<br \/>\nApmetuma sl\u0101\u0146a vid\u0113jais biezums - 10 mm (min. 8 mm)<br \/>\nMaks. viena apmetuma sl\u0101\u0146a biezums, kas uzkl\u0101ts uz sienas - 25 mm<br \/>\n<br \/>\n Pat\u0113ri\u0146\u0161- aptuveni 0,9kg uz 1m\u00b2 katru biezuma 1mm<\/td>\n<\/tr>\n<\/tbody>\n<\/table>\n<!-- #tablepress-3 from cache -->\n<h3>Cementa apmetums<\/h3>\n\n<table id=\"tablepress-4\" class=\"tablepress tablepress-id-4\">\n<tbody>\n<tr class=\"row-1\">\n\t<td colspan=\"2\" class=\"column-1\">Sakret CLP Plus<\/td>\n<\/tr>\n<tr class=\"row-2\">\n\t<td class=\"column-1\"><img src=\"\/wp-content\/uploads\/2015\/04\/sakret-clp-plus.jpg\" title=\"Sakret CLP plus\"><\/td><td class=\"column-2\">Cementa\/ka\u013c\u0137a apmetums.Izmantojams uz visa veida miner\u0101laj\u0101m virsm\u0101m Piem\u0113rots sienu un griestu apme\u0161anai vien\u0101 vai vair\u0101k\u0101s k\u0101rt\u0101s. Paredz\u0113ts gan \u0101rdarbiem, gan iek\u0161darbiem. Maksim\u0101lais grauda izm\u0113rs l\u012bdz 1mm.<br \/>\n\u012apa\u0161i piem\u0113rots mitr\u0101m telp\u0101m. Teicama meh\u0101nisk\u0101 iztur\u012bba. Parez\u0113ts izstr\u0101dei ar rok\u0101m un mehaniz\u0113ti.<br \/>\nPel\u0113k\u0101 vai balt\u0101 kr\u0101s\u0101. \u013boti plastisks. Augsta hidrofobit\u0101te un \u016bdens tvaika caurlaid\u012bba.<br \/>\n<br \/>\nApmetuma sl\u0101\u0146a minim\u0101lais biezums 10 mm.<br \/>\nPat\u0113ri\u0146\u0161: apm. 18 kg\/m2, ja k\u0101rtas biezums ir 10 mm.<br \/>\n<br \/>\nIepakojums: 25 kg vai 40 kg<\/td>\n<\/tr>\n<tr class=\"row-3\">\n\t<td colspan=\"2\" class=\"column-1\">Knauf KZ Maschinenputz <\/td>\n<\/tr>\n<tr class=\"row-4\">\n\t<td class=\"column-1\"><img src=\"\/wp-content\/uploads\/2015\/04\/knauf-kz-maschineputz.jpg\" title=\"Knauf kz maschineputz\"><\/td><td class=\"column-2\">Knauf KZ Maschinenputz ir r\u016bpnieciski sagatavots apmetums sien\u0101m un griestiem. Zem fl\u012bz\u0113juma iekl\u0101jams tikai 1 k\u0101rt\u0101. Paredz\u0113ts iek\u0161darbiem un \u0101rdarbiem. Meh\u0101niskai izstr\u0101dei.<br \/>\n<br \/>\nMinim\u0101lais apmetuma biezums iek\u0161darbiem 10 mm, \u0101rdarbiem \u2013 15 mm.<br \/>\n<br \/>\nPat\u0113ri\u0146\u0161: 15 kg\/m2, ja k\u0101rtas biezums ir 10 mm<br \/>\n<br \/>\nIepakojums: 40 kg<\/td>\n<\/tr>\n<\/tbody>\n<\/table>\n<!-- #tablepress-4 from cache -->\n ","protected":false},"excerpt":{"rendered":"<p>Apmetums Materi\u0101li \u0122ip\u0161a apmetums Cementa apmetums<\/p>\n","protected":false},"author":1,"featured_media":0,"parent":363,"menu_order":0,"comment_status":"closed","ping_status":"closed","template":"","meta":{"footnotes":""},"_links":{"self":[{"href":"https:\/\/staging.kalobuve.lv\/en\/wp-json\/wp\/v2\/pages\/364"}],"collection":[{"href":"https:\/\/staging.kalobuve.lv\/en\/wp-json\/wp\/v2\/pages"}],"about":[{"href":"https:\/\/staging.kalobuve.lv\/en\/wp-json\/wp\/v2\/types\/page"}],"author":[{"embeddable":true,"href":"https:\/\/staging.kalobuve.lv\/en\/wp-json\/wp\/v2\/users\/1"}],"replies":[{"embeddable":true,"href":"https:\/\/staging.kalobuve.lv\/en\/wp-json\/wp\/v2\/comments?post=364"}],"version-history":[{"count":1,"href":"https:\/\/staging.kalobuve.lv\/en\/wp-json\/wp\/v2\/pages\/364\/revisions"}],"predecessor-version":[{"id":378,"href":"https:\/\/staging.kalobuve.lv\/en\/wp-json\/wp\/v2\/pages\/364\/revisions\/378"}],"up":[{"embeddable":true,"href":"https:\/\/staging.kalobuve.lv\/en\/wp-json\/wp\/v2\/pages\/363"}],"wp:attachment":[{"href":"https:\/\/staging.kalobuve.lv\/en\/wp-json\/wp\/v2\/media?parent=364"}],"curies":[{"name":"wp","href":"https:\/\/api.w.org\/{rel}","templated":true}]}}