{"id":365,"date":"2015-04-10T12:51:41","date_gmt":"2015-04-10T12:51:41","guid":{"rendered":"http:\/\/kalobuve.vartucentrs.lv\/?page_id=365"},"modified":"2015-04-10T12:51:41","modified_gmt":"2015-04-10T12:51:41","slug":"beninu-siltinasana","status":"publish","type":"page","link":"https:\/\/staging.kalobuve.lv\/en\/beninu-siltinasana\/","title":{"rendered":"Attic insulation"},"content":{"rendered":"<div class=\"selector-box\">\n<div class=\"selector selector-current\"><a href=\"https:\/\/staging.kalobuve.lv\/en\/beninu-siltinasana\/\">B\u0113ni\u0146u siltin\u0101\u0161ana<\/a><\/div>\n<div class=\"selector\"><a href=\"https:\/\/staging.kalobuve.lv\/en\/beninu-siltinasana\/materials-2\/\">Materi\u0101li<\/a><\/div>\n<div class=\"selector\"><a href=\"https:\/\/staging.kalobuve.lv\/en\/beninu-siltinasana\/questions-answers\/\">Jaut\u0101jumi\/Atbildes<\/a><\/div>\n<div class=\"selector\"><a href=\"https:\/\/staging.kalobuve.lv\/en\/beninu-siltinasana\/benefits\/\">Ieguvumi<\/a><\/div>\n<div class=\"selector\"><a href=\"https:\/\/staging.kalobuve.lv\/en\/beninu-siltinasana\/video\/\">Video<\/a><\/div>\n<\/div>\n<h2>Siltin\u0101\u0161anas risin\u0101jumi b\u0113ni\u0146os<\/h2>\n<p><img decoding=\"async\" loading=\"lazy\" class=\"  alignleft wp-image-20\" src=\"\/wp-content\/uploads\/2015\/04\/benini-siltinasana.png\" alt=\"benini-siltinasana\" width=\"107\" height=\"122\" \/>Siltuma zudums, kas iet caur nepietiekami siltin\u0101tiem b\u0113ni\u0146iem, ir 20\u201330%. T\u0101d\u0113\u013c b\u0113ni\u0146u siltin\u0101\u0161ana ir viens no efekt\u012bv\u0101kajiem siltuma taup\u012bbas pas\u0101kumiem, kas dod t\u016bl\u012bt\u0113ju efektu. Nosiltin\u0101ti b\u0113ni\u0146i ietaup\u012bs maksu par apkuri un paildzin\u0101s \u0113kas ekspluat\u0101cijas laiku.<\/p>\n<p>Beramo vati ieteicams izmantot ar\u012b jaunb\u016bv\u0113s, ta\u010du bie\u017e\u0101k \u0161\u012b probl\u0113ma skar 20 gs. s\u0101kum\u0101 celt\u0101s m\u0101jas un padomju laik\u0101 b\u016bv\u0113t\u0101s daudzdz\u012bvok\u013cu \u0113kas, kur k\u0101 siltuma izol\u0101cijas materi\u0101ls parasti ir izmantots 15-20 cm biezs izded\u017eu, keramz\u012bta vai skaidu sl\u0101nis. \u0160\u0101ds siltin\u0101jums neatbilst m\u016bsdienu siltumizol\u0101cijas pras\u012bb\u0101m, t\u0101d\u0113\u013c b\u0113ni\u0146u p\u0101rsegums ir papildus j\u0101siltina. Ieteicamais papildu siltumizol\u0101cijas biezums ir vismaz 20 cm. Augot energoefektivit\u0101tes pras\u012bb\u0101m Skandin\u0101vij\u0101 \u0113k\u0101s tiek iestr\u0101d\u0101ts l\u012bdz pat 70 cm beram\u0101s vates sl\u0101nis.<\/p>\n<p><img decoding=\"async\" loading=\"lazy\" class=\"alignnone wp-image-23 size-full\" src=\"\/wp-content\/uploads\/2015\/04\/beninu-siltinasanas-plans.png\" alt=\"beninu-siltinasanas-plans\" width=\"600\" height=\"200\" srcset=\"https:\/\/staging.kalobuve.lv\/wp-content\/uploads\/2015\/04\/beninu-siltinasanas-plans.png 600w, https:\/\/staging.kalobuve.lv\/wp-content\/uploads\/2015\/04\/beninu-siltinasanas-plans-300x100.png 300w\" sizes=\"(max-width: 600px) 100vw, 600px\" \/><\/p>\n<table border=\"0\">\n<tbody>\n<tr>\n<td>1 \u2013 Antikondens\u0101ta pl\u0113ve\u00a0<br \/>\n2 \u2013 Gaisa \u0161\u0137irk\u0101rta b\u0113ni\u0146u ventil\u0101cijai<br \/>\n3 \u2013 V\u0113ja novad\u012b\u0161anas barjera b\u0113ni\u0146u ventil\u0101cijai<\/td>\n<td>4 \u2013 Beram\u0101 vate PAROC BLT-9<br \/>\n5 \u2013 Eso\u0161ais siltin\u0101jums (izded\u017ei, skaidas)<br \/>\n6 \u2013 Gaisa piepl\u016bde<\/td>\n<\/tr>\n<\/tbody>\n<\/table>\n<h2>Pa\u017eobe\u013cu siltin\u0101\u0161ana<\/h2>\n<p><a href=\"\/wp-content\/uploads\/2015\/04\/pazobele.png\"><img decoding=\"async\" loading=\"lazy\" class=\"  alignleft wp-image-29 size-full\" src=\"\/wp-content\/uploads\/2015\/04\/pazobele.png\" alt=\"pazobele\" width=\"140\" height=\"79\" \/><\/a>\u0112ku renov\u0101cijas laik\u0101, izb\u016bv\u0113jot b\u0113ni\u0146us, nereti tiek padom\u0101ts, lai siltums neizpl\u016bst no jaunuzb\u016bv\u0113t\u0101s telpas, ta\u010du tiek aizmirsts par pa\u017eobe\u013cu siltin\u0101\u0161anu. T\u0101s sast\u0101da ap 30% no kop\u0113j\u0101s siltin\u0101m\u0101s p\u0101rseguma plat\u012bbas, t\u0101d\u0113\u013c, veicot to siltin\u0101\u0161anu, palielin\u0101s energoefektivit\u0101te, samazinot apkurei pat\u0113r\u0113tos l\u012bdzek\u013cus. K\u0101 redzam zem\u0101k att\u0113lotaj\u0101 shematiskaj\u0101 z\u012bm\u0113jum\u0101, siltums no apak\u0161\u0113j\u0101 st\u0101va nok\u013c\u016bst pa\u017eobel\u0113 caur papildus nenosiltin\u0101ta izded\u017eu sl\u0101\u0146a, kaus\u0113jot uz jumta sniegu un veidojot l\u0101stekas.<\/p>\n<p>Vec\u0101m koka st\u0101vb\u016bvju \u0113k\u0101m rakstur\u012bga siltuma izpl\u016b\u0161ana caur sienu spraug\u0101m. Siltais gaiss, atduroties pret fas\u0101des apdares d\u0113\u013ciem vai dekorat\u012bvo \u0137ie\u0123e\u013cu m\u016bri, ce\u013cas aug\u0161up un izpl\u016bst no \u0113kas. Ar\u012b \u0161\u012bs probl\u0113mas risin\u0101\u0161anai lieliski noder beram\u0101 akmens vate. Ar vates padeves caurules pal\u012bdz\u012bbu viegli var piek\u013c\u016bt \u0161auraj\u0101m pa\u017eobel\u0113m un t\u0101s nosiltin\u0101t.<\/p>\n<p><a href=\"\/wp-content\/uploads\/2015\/04\/pazobeles-siltinasanas-plans.png\"><img decoding=\"async\" loading=\"lazy\" class=\"alignnone size-full wp-image-26\" src=\"\/wp-content\/uploads\/2015\/04\/pazobeles-siltinasanas-plans.png\" alt=\"pazobeles-siltinasanas-plans\" width=\"600\" height=\"200\" srcset=\"https:\/\/staging.kalobuve.lv\/wp-content\/uploads\/2015\/04\/pazobeles-siltinasanas-plans.png 600w, https:\/\/staging.kalobuve.lv\/wp-content\/uploads\/2015\/04\/pazobeles-siltinasanas-plans-300x100.png 300w\" sizes=\"(max-width: 600px) 100vw, 600px\" \/><\/a><\/p>\n ","protected":false},"excerpt":{"rendered":"<p>B\u0113ni\u0146u siltin\u0101\u0161ana Materi\u0101li Jaut\u0101jumi\/Atbildes Ieguvumi Video Siltin\u0101\u0161anas risin\u0101jumi b\u0113ni\u0146os Siltuma zudums, kas iet caur nepietiekami siltin\u0101tiem b\u0113ni\u0146iem, ir 20\u201330%. T\u0101d\u0113\u013c b\u0113ni\u0146u siltin\u0101\u0161ana ir viens no efekt\u012bv\u0101kajiem siltuma taup\u012bbas pas\u0101kumiem, kas dod t\u016bl\u012bt\u0113ju efektu. Nosiltin\u0101ti b\u0113ni\u0146i ietaup\u012bs maksu par apkuri un paildzin\u0101s \u0113kas ekspluat\u0101cijas laiku. Beramo vati ieteicams izmantot ar\u012b jaunb\u016bv\u0113s, ta\u010du bie\u017e\u0101k \u0161\u012b probl\u0113ma skar &#8230; <a class=\"read-more\" href=\"https:\/\/staging.kalobuve.lv\/en\/beninu-siltinasana\/\">Read more<\/a><\/p>\n","protected":false},"author":1,"featured_media":0,"parent":0,"menu_order":0,"comment_status":"closed","ping_status":"closed","template":"","meta":{"footnotes":""},"_links":{"self":[{"href":"https:\/\/staging.kalobuve.lv\/en\/wp-json\/wp\/v2\/pages\/365"}],"collection":[{"href":"https:\/\/staging.kalobuve.lv\/en\/wp-json\/wp\/v2\/pages"}],"about":[{"href":"https:\/\/staging.kalobuve.lv\/en\/wp-json\/wp\/v2\/types\/page"}],"author":[{"embeddable":true,"href":"https:\/\/staging.kalobuve.lv\/en\/wp-json\/wp\/v2\/users\/1"}],"replies":[{"embeddable":true,"href":"https:\/\/staging.kalobuve.lv\/en\/wp-json\/wp\/v2\/comments?post=365"}],"version-history":[{"count":1,"href":"https:\/\/staging.kalobuve.lv\/en\/wp-json\/wp\/v2\/pages\/365\/revisions"}],"predecessor-version":[{"id":379,"href":"https:\/\/staging.kalobuve.lv\/en\/wp-json\/wp\/v2\/pages\/365\/revisions\/379"}],"wp:attachment":[{"href":"https:\/\/staging.kalobuve.lv\/en\/wp-json\/wp\/v2\/media?parent=365"}],"curies":[{"name":"wp","href":"https:\/\/api.w.org\/{rel}","templated":true}]}}