{"id":366,"date":"2015-04-10T12:52:08","date_gmt":"2015-04-10T12:52:08","guid":{"rendered":"http:\/\/kalobuve.vartucentrs.lv\/?page_id=366"},"modified":"2015-04-10T12:52:08","modified_gmt":"2015-04-10T12:52:08","slug":"benefits","status":"publish","type":"page","link":"https:\/\/staging.kalobuve.lv\/en\/beninu-siltinasana\/benefits\/","title":{"rendered":"Benefits"},"content":{"rendered":"<div class=\"selector-box\">\n<div class=\"selector\"><a href=\"https:\/\/staging.kalobuve.lv\/en\/beninu-siltinasana\/\">B\u0113ni\u0146u siltin\u0101\u0161ana<\/a><\/div>\n<div class=\"selector\"><a href=\"https:\/\/staging.kalobuve.lv\/en\/beninu-siltinasana\/materials-2\/\">Materi\u0101li<\/a><\/div>\n<div class=\"selector\"><a href=\"https:\/\/staging.kalobuve.lv\/en\/beninu-siltinasana\/questions-answers\/\">Jaut\u0101jumi\/Atbildes<\/a><\/div>\n<div class=\"selector selector-current\"><a href=\"https:\/\/staging.kalobuve.lv\/en\/beninu-siltinasana\/benefits\/\">Ieguvumi<\/a><\/div>\n<div class=\"selector\"><a href=\"https:\/\/staging.kalobuve.lv\/en\/beninu-siltinasana\/video\/\">Video<\/a><\/div>\n<\/div>\n\n<table id=\"tablepress-2\" class=\"tablepress tablepress-id-2\">\n<tbody>\n<tr class=\"row-1\">\n\t<td class=\"column-1\"><img src=\"\/wp-content\/uploads\/2015\/04\/cuka.png\"><\/td><td class=\"column-2\">Beram\u0101s vates izmaksas ir par 20% zem\u0101kas, sal\u012bdzin\u0101jum\u0101 ar citiem siltin\u0101\u0161anas veidiem, turkl\u0101t tai nav atgriezumu, kas padara t\u0101s izmanto\u0161anu v\u0113l izdev\u012bg\u0101ku.<\/td>\n<\/tr>\n<tr class=\"row-2\">\n\t<td class=\"column-1\"><img src=\"\/wp-content\/uploads\/2015\/04\/pulkstenis.png\"><\/td><td class=\"column-2\">Siltin\u0101\u0161ana ar beramo vati ir daudz \u0101tr\u0101ka sal\u012bdzin\u0101jum\u0101 ar ru\u013c\u013cu vai lok\u0161\u0146u materi\u0101lu. Vislab\u0101kais beram\u0101s vates iestr\u0101des veids ir ar speci\u0101las meh\u0101nisk\u0101s ier\u012bces pal\u012bdz\u012bbu, kas darbojas ar\u012b k\u0101 materi\u0101la uzirdin\u0101t\u0101js, nodro\u0161inot optim\u0101lo pat\u0113ri\u0146u. Ar \u0161o tehnolo\u0123iju iesp\u0113jams nosiltin\u0101t l\u012bdz 100 m2 dien\u0101. P\u0113c iestr\u0101des beram\u0101 akmens vate s\u0113\u017eas tikai par 5%.<\/td>\n<\/tr>\n<tr class=\"row-3\">\n\t<td class=\"column-1\"><img src=\"\/wp-content\/uploads\/2015\/04\/temp.png\"><\/td><td class=\"column-2\">Sal\u012bdzin\u0101jum\u0101 ar ru\u013c\u013cu un lok\u0161\u0146u materi\u0101liem beram\u0101 akmens vate veido vienm\u0113r\u012bgu siltumizol\u0101cijas sl\u0101ni bez spraug\u0101m un salaidumiem, k\u0101 ar\u012b cie\u0161i aizpilda vietas ap komunik\u0101cij\u0101m un jumta konstrukcij\u0101m, nodro\u0161inot augstu siltumnotur\u012bbu. Siltumizol\u0101cijas \u012bpa\u0161\u012bbas t\u0101 saglab\u0101 vis\u0101 \u0113kas kalpo\u0161anas laik\u0101. T\u0101s \u012bpatn\u0113j\u0101 siltumvad\u012btsp\u0113ja ir 0.041 W\/mK saska\u0146\u0101 ar EN13162.<\/td>\n<\/tr>\n<tr class=\"row-4\">\n\t<td class=\"column-1\"><img src=\"\/wp-content\/uploads\/2015\/04\/Uguns.png\"><\/td><td class=\"column-2\">Akmens vate ir ugunsdro\u0161a. Tai ir A1 klase kas atbilst absol\u016bti nedego\u0161am materi\u0101lam. K\u0101 pier\u0101d\u012bjums tam katru gadu b\u016bvniec\u012bbas izst\u0101d\u0113 ir PAROC stends, kur vate tiek dedzin\u0101ta ar atkl\u0101tu liesmu 900 gr\u0101du C temperat\u016br\u0101.<\/td>\n<\/tr>\n<tr class=\"row-5\">\n\t<td class=\"column-1\"><img src=\"\/wp-content\/uploads\/2015\/04\/kimija.png\"><\/td><td class=\"column-2\">Beram\u0101 akmens vate nav \u0137\u012bmiski apstr\u0101d\u0101ta, t\u0101d\u0113\u013c jums nav j\u0101uztraucas par savu vesel\u012bbu baidoties no kait\u012bgu vielu izdal\u012b\u0161an\u0101s<\/td>\n<\/tr>\n<tr class=\"row-6\">\n\t<td class=\"column-1\"><img src=\"\/wp-content\/uploads\/2015\/04\/gaiss.png\"><\/td><td class=\"column-2\"> \tAkmens vate ir elpojo\u0161s materi\u0101ls, kas pasarg\u0101s no s\u0113n\u012b\u0161u un pel\u0113juma ra\u0161an\u0101s viet\u0101s, kur siltumizol\u0101cija saskaras ar \u0113kas konstrukcij\u0101m.<\/td>\n<\/tr>\n<tr class=\"row-7\">\n\t<td class=\"column-1\"><img src=\"\/wp-content\/uploads\/2015\/04\/spalva.png\"><\/td><td class=\"column-2\">Akmens vate ir viegla, bet ar lielu bl\u012bvumu. T\u0101s bl\u012bvums ir liel\u0101ks (45 kg\/m3) k\u0101 min\u0113r\u0101lvat\u0113m ru\u013c\u013cos (10 kg\/m3) t\u0101d\u0113j\u0101di nenotiek konvekcija (gaisa pl\u016bsma) caur vati, samazinot siltuma zudumu.<\/td>\n<\/tr>\n<tr class=\"row-8\">\n\t<td class=\"column-1\"><img src=\"\/wp-content\/uploads\/2015\/04\/udens.png\"><\/td><td class=\"column-2\">Sal\u012bdzin\u0101jum\u0101 ar ekovati PAROC akmens vate nav hidroskopiska (neuzs\u016bc mitrumu), t\u0101d\u0113\u013c nenotiek papildu siltuma zudumi mitr\u0101 laik\u0101. Turkl\u0101t, uzs\u016bcot un izdalot mitrumu, no celulozes izol\u0101cijas izdal\u0101s ar\u012b \u0137imisk\u0101s vielas ar ko t\u0101 ir apstr\u0101d\u0101ta.<\/td>\n<\/tr>\n<\/tbody>\n<\/table>\n<!-- #tablepress-2 from cache -->\n ","protected":false},"excerpt":{"rendered":"<p>B\u0113ni\u0146u siltin\u0101\u0161ana Materi\u0101li Jaut\u0101jumi\/Atbildes Ieguvumi Video<\/p>\n","protected":false},"author":1,"featured_media":0,"parent":365,"menu_order":0,"comment_status":"closed","ping_status":"closed","template":"","meta":{"footnotes":""},"_links":{"self":[{"href":"https:\/\/staging.kalobuve.lv\/en\/wp-json\/wp\/v2\/pages\/366"}],"collection":[{"href":"https:\/\/staging.kalobuve.lv\/en\/wp-json\/wp\/v2\/pages"}],"about":[{"href":"https:\/\/staging.kalobuve.lv\/en\/wp-json\/wp\/v2\/types\/page"}],"author":[{"embeddable":true,"href":"https:\/\/staging.kalobuve.lv\/en\/wp-json\/wp\/v2\/users\/1"}],"replies":[{"embeddable":true,"href":"https:\/\/staging.kalobuve.lv\/en\/wp-json\/wp\/v2\/comments?post=366"}],"version-history":[{"count":1,"href":"https:\/\/staging.kalobuve.lv\/en\/wp-json\/wp\/v2\/pages\/366\/revisions"}],"predecessor-version":[{"id":380,"href":"https:\/\/staging.kalobuve.lv\/en\/wp-json\/wp\/v2\/pages\/366\/revisions\/380"}],"up":[{"embeddable":true,"href":"https:\/\/staging.kalobuve.lv\/en\/wp-json\/wp\/v2\/pages\/365"}],"wp:attachment":[{"href":"https:\/\/staging.kalobuve.lv\/en\/wp-json\/wp\/v2\/media?parent=366"}],"curies":[{"name":"wp","href":"https:\/\/api.w.org\/{rel}","templated":true}]}}