{"id":367,"date":"2015-04-10T12:52:31","date_gmt":"2015-04-10T12:52:31","guid":{"rendered":"http:\/\/kalobuve.vartucentrs.lv\/?page_id=367"},"modified":"2015-04-10T12:52:31","modified_gmt":"2015-04-10T12:52:31","slug":"questions-answers","status":"publish","type":"page","link":"https:\/\/staging.kalobuve.lv\/en\/beninu-siltinasana\/questions-answers\/","title":{"rendered":"Questions \/ Answers"},"content":{"rendered":"<div class=\"selector-box\">\n<div class=\"selector\"><a href=\"https:\/\/staging.kalobuve.lv\/en\/beninu-siltinasana\/\">B\u0113ni\u0146u siltin\u0101\u0161ana<\/a><\/div>\n<div class=\"selector\"><a href=\"https:\/\/staging.kalobuve.lv\/en\/beninu-siltinasana\/materials-2\/\">Materi\u0101li<\/a><\/div>\n<div class=\"selector selector-current\"><a href=\"https:\/\/staging.kalobuve.lv\/en\/beninu-siltinasana\/questions-answers\/\">Jaut\u0101jumi\/Atbildes<\/a><\/div>\n<div class=\"selector\"><a href=\"https:\/\/staging.kalobuve.lv\/en\/beninu-siltinasana\/benefits\/\">Ieguvumi<\/a><\/div>\n<div class=\"selector\"><a href=\"https:\/\/staging.kalobuve.lv\/en\/beninu-siltinasana\/video\/\">Video<\/a><\/div>\n<\/div>\n<p><strong>Vai Paroc akmens vate ir t\u0101 pati ekovate?<\/strong><br \/>\nN\u0113, Paroc beram\u0101 vate nav sasmalcin\u0101ta celuloze (av\u012bze). To ra\u017eo no lok\u0161\u0146u akmens vates atgriezumiem, sama\u013cot to s\u012bkos 1-3 cm lielos gabalos.<\/p>\n<p><strong>Ar ko beram\u0101 akmens vate ir lab\u0101ka par ekovati?<\/strong><br \/>\nAkmens vatei ir vair\u0101kas priek\u0161roc\u012bbas sal\u012bdzinot ar celulozes vati:<\/p>\n<ul>\n<li>Akmens vate ir piln\u012bb\u0101 nedego\u0161a, ekovate \u2013 gruzdo\u0161a, l\u012bdzi dego\u0161a<\/li>\n<li>Akmens vate neuzs\u016bc mitrumu no apk\u0101rt\u0113j\u0101s vides, ekovate \u2013 mitrumu uzs\u016bc un atdod.<\/li>\n<li>Akmens vate nav apstr\u0101d\u0101ta ar \u0137imik\u0101lij\u0101m, ekovatei pievienots bors vai boraks, lai samazin\u0101tu celulozes deg\u0161anu.<\/li>\n<li>Beram\u0101 akmens vate p\u0113c iestr\u0101des s\u0113\u017eas tikai par 5-7%, savuk\u0101rt ekovate 15-20%<\/li>\n<\/ul>\n<p><strong>Vai akmens vat\u0113 nedz\u012bvo kait\u0113k\u013ci?<\/strong><br \/>\nBeramaj\u0101 akmens vate grauz\u0113jiem nav pateic\u012bga vide, jo, taj\u0101 izveidot\u0101s alas, aizbirst ciet. Ekovat\u0113 grauz\u0113ji nedz\u012bvo pievienoto \u0137imik\u0101liju d\u0113\u013c. Padom\u0101jiet! Ja taj\u0101 nedz\u012bvo grauz\u0113ji, k\u0101d\u0113\u013c t\u0101s tuvum\u0101 grib\u0113tu dz\u012bvot J\u016bs?<\/p>\n<p><strong>Vai p\u0113c iestr\u0101des virs vates j\u0101kl\u0101j pretv\u0113ja pl\u0113ve?<\/strong><br \/>\nP\u0113c beram\u0101s vates iekl\u0101\u0161anas vatei pa virsu nekas nav j\u0101kl\u0101j. To apstiprina un rekomend\u0113 Paroc.<\/p>\n<p><strong>Vai j\u0101\u0146em \u0101r\u0101 vecais siltin\u0101jums (izded\u017ei, skaidas)?<\/strong><br \/>\nJa veicat pla\u0161\u0101ku m\u0101jas renov\u0101ciju, tad var iz\u0146emt ar\u012b veco siltin\u0101jumu, ta\u010du, ja tiek veikta tikai b\u0113ni\u0146u siltin\u0101\u0161ana, tad neiesak\u0101m \u0146emt \u0101r\u0101 izded\u017eus vai skaidas, jo t\u0101d\u0101 veid\u0101 tiek atvieglin\u0101tas neso\u0161\u0101s konstrukcijas, k\u0101 rezult\u0101t\u0101 p\u0113d\u0113j\u0101 st\u0101va griestos var par\u0101d\u012bties plaisas.<\/p>\n<p><strong>Vai j\u0101liek tvaika izol\u0101cija?<\/strong><br \/>\nP\u0113c Paroc rekomend\u0101cij\u0101m, zem akmens vates j\u0101liek tvaika izol\u0101cija. Iz\u0146\u0113mums var\u0113tu b\u016bt, ja beramo akmens vati kl\u0101j uz jau eso\u0161as vec\u0101s siltumizol\u0101cijas. Lai noskaidrotu pareizo risin\u0101jumu\u00a0 J\u016bsu gad\u012bjum\u0101, l\u016bdzam sazin\u0101ties ar mums.<\/p>\n<p><strong>K\u0101di priek\u0161darbi j\u0101veic pirms siltin\u0101\u0161anas un vai SIA \u201eKalo B\u016bve\u201d tos veic?<\/strong><br \/>\nPirms beram\u0101s akmens vates iestr\u0101des b\u0113ni\u0146i ir attiec\u012bgi j\u0101sagatavo.<br \/>\nJ\u0101izv\u0101c visas tur atrodo\u0161\u0101s\u00a0 mantas.<br \/>\nJ\u0101izveido laipas, pa kur\u0101m p\u0101rvietoties, lai piek\u013c\u016btu pie jumta l\u016bkas, skurste\u0146iem, apkures atgaiso\u0161anas venti\u013ciem u.tml. Laip\u0101m v\u0113lams b\u016bt par 5 cm augst\u0101k\u0101m, k\u0101 paredz\u0113tais siltumizol\u0101cijas sl\u0101nis.<br \/>\nJ\u0101izveido \u201ev\u0113ja kabatas\u201d, lai ar beramo vati neaizp\u016bstu ciet b\u0113ni\u0146u ventil\u0101ciju. Ta\u010du katrs gad\u012bjums ir individu\u0101ls, t\u0101d\u0113\u013c pirms tam b\u016btu v\u0113lama m\u016bsu konsult\u0101cija, lai noskaidrotu pareizo risin\u0101jumu.<\/p>\n<p>SIA &#8220;Kalo B\u016bve&#8221; pied\u0101v\u0101 veikt pilnu b\u0113ni\u0146u siltin\u0101\u0161anas komplektu, tai skait\u0101 visus sagatavo\u0161anas darbus.<\/p>\n<p><strong>Vai var p\u016bst ar\u012b sl\u012bp\u0101s un vertik\u0101l\u0101s sien\u0101s?<\/strong><br \/>\nIepriek\u0161 pareizi sagatavojot, ir iesp\u0113ja beramo vati iestr\u0101d\u0101t ar\u012b jumta sl\u012bp\u0101s da\u013c\u0101s, k\u0101 ar\u012b vertik\u0101l\u0101s sien\u0101s. M\u016bsu r\u012bc\u012bb\u0101 ir iek\u0101rta, kas sp\u0113j nodro\u0161in\u0101t 5 MPa spiedienu, ar kuras pal\u012bdz\u012bbu beramo vati var saspiest, t\u0101d\u0113j\u0101di nov\u0113r\u0161ot t\u0101s s\u0113\u0161anos.<\/p>\n<p><strong>Vai darba laik\u0101 ir lieli putek\u013ci?<\/strong><br \/>\nIestr\u0101d\u0101jot beramo vati b\u0113ni\u0146os ir nedaudz putek\u013ci, ta\u010du dz\u012bvojam\u0101s telp\u0101s tie nenon\u0101k, jo akmens vate tiek transport\u0113ta pa cauruli.<\/p>\n ","protected":false},"excerpt":{"rendered":"<p>B\u0113ni\u0146u siltin\u0101\u0161ana Materi\u0101li Jaut\u0101jumi\/Atbildes Ieguvumi Video Vai Paroc akmens vate ir t\u0101 pati ekovate? N\u0113, Paroc beram\u0101 vate nav sasmalcin\u0101ta celuloze (av\u012bze). To ra\u017eo no lok\u0161\u0146u akmens vates atgriezumiem, sama\u013cot to s\u012bkos 1-3 cm lielos gabalos. Ar ko beram\u0101 akmens vate ir lab\u0101ka par ekovati? Akmens vatei ir vair\u0101kas priek\u0161roc\u012bbas sal\u012bdzinot ar celulozes vati: Akmens &#8230; <a class=\"read-more\" href=\"https:\/\/staging.kalobuve.lv\/en\/beninu-siltinasana\/questions-answers\/\">Read more<\/a><\/p>\n","protected":false},"author":1,"featured_media":0,"parent":365,"menu_order":0,"comment_status":"closed","ping_status":"closed","template":"","meta":{"footnotes":""},"_links":{"self":[{"href":"https:\/\/staging.kalobuve.lv\/en\/wp-json\/wp\/v2\/pages\/367"}],"collection":[{"href":"https:\/\/staging.kalobuve.lv\/en\/wp-json\/wp\/v2\/pages"}],"about":[{"href":"https:\/\/staging.kalobuve.lv\/en\/wp-json\/wp\/v2\/types\/page"}],"author":[{"embeddable":true,"href":"https:\/\/staging.kalobuve.lv\/en\/wp-json\/wp\/v2\/users\/1"}],"replies":[{"embeddable":true,"href":"https:\/\/staging.kalobuve.lv\/en\/wp-json\/wp\/v2\/comments?post=367"}],"version-history":[{"count":1,"href":"https:\/\/staging.kalobuve.lv\/en\/wp-json\/wp\/v2\/pages\/367\/revisions"}],"predecessor-version":[{"id":381,"href":"https:\/\/staging.kalobuve.lv\/en\/wp-json\/wp\/v2\/pages\/367\/revisions\/381"}],"up":[{"embeddable":true,"href":"https:\/\/staging.kalobuve.lv\/en\/wp-json\/wp\/v2\/pages\/365"}],"wp:attachment":[{"href":"https:\/\/staging.kalobuve.lv\/en\/wp-json\/wp\/v2\/media?parent=367"}],"curies":[{"name":"wp","href":"https:\/\/api.w.org\/{rel}","templated":true}]}}