{"id":368,"date":"2015-04-10T12:52:49","date_gmt":"2015-04-10T12:52:49","guid":{"rendered":"http:\/\/kalobuve.vartucentrs.lv\/?page_id=368"},"modified":"2015-04-10T12:52:49","modified_gmt":"2015-04-10T12:52:49","slug":"materials-2","status":"publish","type":"page","link":"https:\/\/staging.kalobuve.lv\/en\/beninu-siltinasana\/materials-2\/","title":{"rendered":"Materials"},"content":{"rendered":"<div class=\"selector-box\">\n<div class=\"selector\"><a href=\"https:\/\/staging.kalobuve.lv\/en\/beninu-siltinasana\/\">B\u0113ni\u0146u siltin\u0101\u0161ana<\/a><\/div>\n<div class=\"selector selector-current\"><a href=\"https:\/\/staging.kalobuve.lv\/en\/beninu-siltinasana\/materials-2\/\">Materi\u0101li<\/a><\/div>\n<div class=\"selector\"><a href=\"https:\/\/staging.kalobuve.lv\/en\/beninu-siltinasana\/questions-answers\/\">Jaut\u0101jumi\/Atbildes<\/a><\/div>\n<div class=\"selector\"><a href=\"https:\/\/staging.kalobuve.lv\/en\/beninu-siltinasana\/benefits\/\">Ieguvumi<\/a><\/div>\n<div class=\"selector\"><a href=\"https:\/\/staging.kalobuve.lv\/en\/beninu-siltinasana\/video\/\">Video<\/a><\/div>\n<\/div>\n\n<table id=\"tablepress-1\" class=\"tablepress tablepress-id-1\">\n<tbody>\n<tr class=\"row-1\">\n\t<td colspan=\"2\" class=\"column-1\">Paroc beram\u0101 akmens vate BLT<\/td>\n<\/tr>\n<tr class=\"row-2\">\n\t<td class=\"column-1\"><img title=\"Paroc berama akmensvate\" src=\"\/wp-content\/uploads\/2015\/04\/Paroc-berama-akmensvate.png\"><\/td><td class=\"column-2\">PAROC BLT ir nedego\u0161a beram\u0101s akmens vates siltumizol\u0101cija b\u0113ni\u0146u p\u0101rsegumiem jaun\u0101m un eso\u0161\u0101m \u0113k\u0101m. Ar \u0161o izstr\u0101d\u0101jumu ir viegli veikt siltumizol\u0101ciju gr\u016bti pieejam\u0101s viet\u0101s, veidojot nep\u0101rtrauktu siltumizol\u0101cijas sl\u0101ni. Akmens vates siltumizol\u0101cija ir sausa, t\u0101 nenos\u0113\u017eas un nesaraujas.<br \/>\n<br \/>\nParoc BLT-3 - beram\u0101 akmens vate, ko ra\u017eo no m\u012bkst\u0101s vates atgriezumiem. S\u012bk\u0101k par BLT-3.<br \/>\nParoc BLT-9 - beram\u0101 akmens vate, ko ra\u017eo no da\u017e\u0101diem cieto pl\u0101k\u0161\u0146u atgriezumiem. S\u012bk\u0101k par BLT-9.<\/td>\n<\/tr>\n<tr class=\"row-3\">\n\t<td colspan=\"2\" class=\"column-1\">Isover beram\u0101 stikla vate KV 050 <\/td>\n<\/tr>\n<tr class=\"row-4\">\n\t<td class=\"column-1\"><img src=\"\/wp-content\/uploads\/2015\/04\/isover-berama-stikla-vate.png\" title=\"Isover berama stikla vate\"><\/td><td class=\"column-2\">ISOVER KV 050 ir beram\u0101 stikla vate (beram\u0101 miner\u0101lvate), kas sapakota maisos. To galvenok\u0101rt izmanto b\u0113ni\u0146u siltumizol\u0101cijai. T\u0101 ir \u013coti piem\u0113rota horizont\u0101laj\u0101m konstrukcij\u0101m. ISOVER KV 050 ir nedego\u0161a. ISOVER KV 050 beram\u0101 stikla vate ir neorganiska, \u0137\u012bmiski neitr\u0101la, un taj\u0101 nav korod\u0113jo\u0161u vielu. ISOVER KV 050 ir iztur\u012bga pret puvi, bez smar\u017eas, un taj\u0101 neievies\u012bsies kait\u0113k\u013ci.<br \/>\n<br \/>\nS\u012bk\u0101k par KV 050<\/td>\n<\/tr>\n<tr class=\"row-5\">\n\t<td colspan=\"2\" class=\"column-1\">Ekovate jeb celulozes vate <\/td>\n<\/tr>\n<tr class=\"row-6\">\n\t<td class=\"column-1\"><img src=\"\/wp-content\/uploads\/2015\/04\/ekovate.png\" title=\"Ekovate\"><\/td><td class=\"column-2\">Ekovate tiek izgatavota no av\u012b\u017eu pap\u012bra, kas ar speci\u0101l\u0101m apstr\u0101des metod\u0113m tiek p\u0101rstr\u0101d\u0101ts l\u012bdz ekolo\u0123iski t\u012brai celulozes \u0161\u0137iedrai, kurai tiek pievienoti antipir\u012bni un antisepti\u0137i.<\/td>\n<\/tr>\n<\/tbody>\n<\/table>\n<!-- #tablepress-1 from cache -->\n ","protected":false},"excerpt":{"rendered":"<p>B\u0113ni\u0146u siltin\u0101\u0161ana Materi\u0101li Jaut\u0101jumi\/Atbildes Ieguvumi Video<\/p>\n","protected":false},"author":1,"featured_media":0,"parent":365,"menu_order":0,"comment_status":"closed","ping_status":"closed","template":"","meta":{"footnotes":""},"_links":{"self":[{"href":"https:\/\/staging.kalobuve.lv\/en\/wp-json\/wp\/v2\/pages\/368"}],"collection":[{"href":"https:\/\/staging.kalobuve.lv\/en\/wp-json\/wp\/v2\/pages"}],"about":[{"href":"https:\/\/staging.kalobuve.lv\/en\/wp-json\/wp\/v2\/types\/page"}],"author":[{"embeddable":true,"href":"https:\/\/staging.kalobuve.lv\/en\/wp-json\/wp\/v2\/users\/1"}],"replies":[{"embeddable":true,"href":"https:\/\/staging.kalobuve.lv\/en\/wp-json\/wp\/v2\/comments?post=368"}],"version-history":[{"count":1,"href":"https:\/\/staging.kalobuve.lv\/en\/wp-json\/wp\/v2\/pages\/368\/revisions"}],"predecessor-version":[{"id":382,"href":"https:\/\/staging.kalobuve.lv\/en\/wp-json\/wp\/v2\/pages\/368\/revisions\/382"}],"up":[{"embeddable":true,"href":"https:\/\/staging.kalobuve.lv\/en\/wp-json\/wp\/v2\/pages\/365"}],"wp:attachment":[{"href":"https:\/\/staging.kalobuve.lv\/en\/wp-json\/wp\/v2\/media?parent=368"}],"curies":[{"name":"wp","href":"https:\/\/api.w.org\/{rel}","templated":true}]}}