{"id":369,"date":"2015-04-10T12:53:02","date_gmt":"2015-04-10T12:53:02","guid":{"rendered":"http:\/\/kalobuve.vartucentrs.lv\/?page_id=369"},"modified":"2015-04-10T12:53:02","modified_gmt":"2015-04-10T12:53:02","slug":"video","status":"publish","type":"page","link":"https:\/\/staging.kalobuve.lv\/en\/beninu-siltinasana\/video\/","title":{"rendered":"Video"},"content":{"rendered":"<div class=\"selector-box\">\n<div class=\"selector\"><a href=\"https:\/\/staging.kalobuve.lv\/en\/beninu-siltinasana\/\">B\u0113ni\u0146u siltin\u0101\u0161ana<\/a><\/div>\n<div class=\"selector\"><a href=\"https:\/\/staging.kalobuve.lv\/en\/beninu-siltinasana\/materials-2\/\">Materi\u0101li<\/a><\/div>\n<div class=\"selector\"><a href=\"https:\/\/staging.kalobuve.lv\/en\/beninu-siltinasana\/questions-answers\/\">Jaut\u0101jumi\/Atbildes<\/a><\/div>\n<div class=\"selector\"><a href=\"https:\/\/staging.kalobuve.lv\/en\/beninu-siltinasana\/benefits\/\">Ieguvumi<\/a><\/div>\n<div class=\"selector selector-current\"><a href=\"https:\/\/staging.kalobuve.lv\/en\/beninu-siltinasana\/video\/\">Video<\/a><\/div>\n<\/div>\n<h2>Kalo B\u016bves rekl\u0101mas klips (\u012bsais)<\/h2>\n<p><iframe loading=\"lazy\" src=\"http:\/\/www.youtube.com\/embed\/cfz5S9mvvJI?rel=0\" width=\"560\" height=\"315\" frameborder=\"0\"><\/iframe><\/p>\n<h2>Kalo B\u016bve LTV-7 r\u012bta programm\u0101<\/h2>\n<p><iframe loading=\"lazy\" src=\"http:\/\/www.youtube.com\/embed\/JMQ88vF8pwg?rel=0\" width=\"560\" height=\"420\" frameborder=\"0\"><\/iframe><\/p>\n<h2>Kalo B\u016bve izst\u0101d\u0113 M\u0101ja. Dz\u012bvoklis 2012. Raid\u012bjum\u0101 &#8220;R\u012bts&#8221; LTV-7<\/h2>\n<p><iframe loading=\"lazy\" src=\"http:\/\/www.youtube.com\/embed\/lmYesdnQg84?rel=0\" width=\"560\" height=\"315\" frameborder=\"0\"><\/iframe><\/p>\n<h2>Kalo B\u016bves rekl\u0101mas klips (garais)<\/h2>\n<p><iframe loading=\"lazy\" src=\"http:\/\/www.youtube.com\/embed\/z0HDB83C48g?rel=0\" width=\"560\" height=\"315\" frameborder=\"0\"><\/iframe><\/p>\n<h2>Zemu pieb\u016bves b\u0113ni\u0146u siltin\u0101\u0161ana ar garas k\u0101rts pal\u012bdz\u012bbu.<\/h2>\n<p><iframe loading=\"lazy\" src=\"http:\/\/www.youtube.com\/embed\/e1R-F8gLA64\" width=\"560\" height=\"315\" frameborder=\"0\"><\/iframe><\/p>\n ","protected":false},"excerpt":{"rendered":"<p>B\u0113ni\u0146u siltin\u0101\u0161ana Materi\u0101li Jaut\u0101jumi\/Atbildes Ieguvumi Video Kalo B\u016bves rekl\u0101mas klips (\u012bsais) Kalo B\u016bve LTV-7 r\u012bta programm\u0101 Kalo B\u016bve izst\u0101d\u0113 M\u0101ja. Dz\u012bvoklis 2012. Raid\u012bjum\u0101 &#8220;R\u012bts&#8221; LTV-7 Kalo B\u016bves rekl\u0101mas klips (garais) Zemu pieb\u016bves b\u0113ni\u0146u siltin\u0101\u0161ana ar garas k\u0101rts pal\u012bdz\u012bbu.<\/p>\n","protected":false},"author":1,"featured_media":0,"parent":365,"menu_order":0,"comment_status":"closed","ping_status":"closed","template":"","meta":{"footnotes":""},"_links":{"self":[{"href":"https:\/\/staging.kalobuve.lv\/en\/wp-json\/wp\/v2\/pages\/369"}],"collection":[{"href":"https:\/\/staging.kalobuve.lv\/en\/wp-json\/wp\/v2\/pages"}],"about":[{"href":"https:\/\/staging.kalobuve.lv\/en\/wp-json\/wp\/v2\/types\/page"}],"author":[{"embeddable":true,"href":"https:\/\/staging.kalobuve.lv\/en\/wp-json\/wp\/v2\/users\/1"}],"replies":[{"embeddable":true,"href":"https:\/\/staging.kalobuve.lv\/en\/wp-json\/wp\/v2\/comments?post=369"}],"version-history":[{"count":1,"href":"https:\/\/staging.kalobuve.lv\/en\/wp-json\/wp\/v2\/pages\/369\/revisions"}],"predecessor-version":[{"id":383,"href":"https:\/\/staging.kalobuve.lv\/en\/wp-json\/wp\/v2\/pages\/369\/revisions\/383"}],"up":[{"embeddable":true,"href":"https:\/\/staging.kalobuve.lv\/en\/wp-json\/wp\/v2\/pages\/365"}],"wp:attachment":[{"href":"https:\/\/staging.kalobuve.lv\/en\/wp-json\/wp\/v2\/media?parent=369"}],"curies":[{"name":"wp","href":"https:\/\/api.w.org\/{rel}","templated":true}]}}