{"id":370,"date":"2015-04-10T12:53:20","date_gmt":"2015-04-10T12:53:20","guid":{"rendered":"http:\/\/kalobuve.vartucentrs.lv\/?page_id=370"},"modified":"2015-04-10T12:53:20","modified_gmt":"2015-04-10T12:53:20","slug":"pipe-insulation","status":"publish","type":"page","link":"https:\/\/staging.kalobuve.lv\/en\/pipe-insulation\/","title":{"rendered":"Pipe insulation"},"content":{"rendered":"<p>Nenosiltin\u0101tas apkures un karst\u0101 \u016bdens caurules, rada b\u016btiskus siltuma zudumus, kas palielina arvien pieaugo\u0161os apkures r\u0113\u0137inus. Apkures sezonas laik\u0101 1m nenosiltin\u0101tas apkures caurules gais\u0101 \u201eizmet\u201d ap 10.76Ls*. Hru\u0161\u010dova tipa daudzdz\u012bvok\u013cu \u0113k\u0101 ar 4 k\u0101p\u0146utelp\u0101m ir aptuveni 200m cauru\u013cu b\u0113ni\u0146os un ap 200m pagrab\u0101. Nosiltinot \u0161\u012bs caurules, iedz\u012bvot\u0101ji gad\u0101 var ietaup\u012bt ap 4300Ls. Cauru\u013cu siltin\u0101\u0161ana \u0161\u0101dai \u0113kai izmaks\u0101s ap 1600 \u2013 2500Ls. T\u0101tad \u0161ie darbi atmaks\u0101jas jau vienas apkures sezonas laik\u0101, savuk\u0101rt izol\u0101cijas kalpo\u0161anas ilgums ir daudz, daudz liel\u0101ks.<\/p>\n<p><img decoding=\"async\" loading=\"lazy\" src=\"\/wp-content\/uploads\/2015\/04\/siltuma-zudumu-aprekins.png\" alt=\"siltuma-zudumu-aprekins\" width=\"600\" height=\"373\" class=\"alignnone size-full wp-image-153\" srcset=\"https:\/\/staging.kalobuve.lv\/wp-content\/uploads\/2015\/04\/siltuma-zudumu-aprekins.png 600w, https:\/\/staging.kalobuve.lv\/wp-content\/uploads\/2015\/04\/siltuma-zudumu-aprekins-300x187.png 300w\" sizes=\"(max-width: 600px) 100vw, 600px\" \/><\/p>\n\n<table id=\"tablepress-5\" class=\"tablepress tablepress-id-5\">\n<tbody>\n<tr class=\"row-1\">\n\t<td rowspan=\"2\" class=\"column-1\"><img src=\"\/wp-content\/uploads\/2015\/04\/karsta-udens-caurulvadu-siltinasana.png\" title=\"karsta udens caurulvadu siltinasana\"><\/td><td class=\"column-2\"><h3>Karst\u0101  \u016bdens cauru\u013cvadu siltin\u0101\u0161ana<\/h3><\/td>\n<\/tr>\n<tr class=\"row-2\">\n\t<td class=\"column-2\">Karst\u0101 \u016bdens cauru\u013cvadi j\u0101siltina, lai p\u0101rtrauktu siltuma zudumus apkures period\u0101. Nenosiltin\u0101tas apkures caurules b\u016btiski palielina J\u016bsu apkures izdevumus, turkl\u0101t t\u0101s silda b\u0113ni\u0146us, k\u0101 d\u0113\u013c k\u016bst sniegs un rodas l\u0101stekas uz jumta.<\/td>\n<\/tr>\n<tr class=\"row-3\">\n\t<td rowspan=\"2\" class=\"column-1\"><img src=\"\/wp-content\/uploads\/2015\/04\/auksta-udens-caurulu-siltinasana.png\" title=\"auksta udens caurulvadu siltinasana\"><\/td><td class=\"column-2\"><h3>Aukst\u0101 \u016bdens cauru\u013cvadu siltin\u0101\u0161ana<\/h3><\/td>\n<\/tr>\n<tr class=\"row-4\">\n\t<td class=\"column-2\">Aukst\u0101 \u016bdens cauru\u013cvadi j\u0101siltina, lai ziem\u0101 caurules aizsarg\u0101tu no aizsal\u0161anas, bet vasar\u0101- no kondens\u0101ta ra\u0161an\u0101s. T\u0101pat siltumizol\u0101cija nov\u0113r\u0161 siltuma nodo\u0161anu no apk\u0101rt\u0113j\u0101s vides uz caurul\u0113m, piem\u0113ram, ja dzeramais \u016bdens aukstajos cauru\u013cvados k\u013c\u016bst silts, tas var k\u013c\u016bt par c\u0113loni bakt\u0113riju aug\u0161anai \u016bden\u012b.<\/td>\n<\/tr>\n<tr class=\"row-5\">\n\t<td rowspan=\"2\" class=\"column-1\"><img src=\"\/wp-content\/uploads\/2015\/04\/notekudenu-kanalizacijas-vadu-siltinasana.png\" title=\"notekudenu kanaliz\u0101cijas vadu siltin\u0101\u0161ana\"><\/td><td class=\"column-2\"><h3>Notek\u016bde\u0146u un kanaliz\u0101cijas vadu siltin\u0101\u0161ana<\/h3><\/td>\n<\/tr>\n<tr class=\"row-6\">\n\t<td class=\"column-2\">\u0160o elementu siltin\u0101\u0161ana pal\u012bdz\u0113s izvair\u012bties no kondens\u0101ta ra\u0161an\u0101s tajos, k\u0101 ar\u012b pasarg\u0101s no trok\u0161\u0146iem.<\/td>\n<\/tr>\n<tr class=\"row-7\">\n\t<td rowspan=\"2\" class=\"column-1\"><img src=\"\/wp-content\/uploads\/2015\/04\/ventilacijas-kanala-siltinasana.png\" title=\"Ventil\u0101cijas kan\u0101lu siltin\u0101\u0161ana\"<\/td><td class=\"column-2\"><h3>Ventil\u0101cijas kan\u0101lu siltin\u0101\u0161ana<\/h3><\/td>\n<\/tr>\n<tr class=\"row-8\">\n\t<td class=\"column-2\">Nezaud\u0113jiet ener\u0123iju, transport\u0113jot silto vai auksto gaisu pa nenosiltin\u0101tiem ventil\u0101cijas kan\u0101liem. Izol\u0101cija ar\u012b pasarg\u0101s no kondens\u0101ta ra\u0161an\u0101s uz cauru\u013cvadu \u0101r\u0113j\u0101s virsmas.<\/td>\n<\/tr>\n<tr class=\"row-9\">\n\t<td rowspan=\"2\" class=\"column-1\"><img src=\"\/wp-content\/uploads\/2015\/04\/skurstenu-siltinasana.png\" title=\"skurste<br \/>\nnu siltin\u0101\u0161ana\"><\/td><td class=\"column-2\"><h3>Skurste\u0146u siltin\u0101\u0161ana<\/h3><\/td>\n<\/tr>\n<tr class=\"row-10\">\n\t<td class=\"column-2\">Skurste\u0146i j\u0101siltina, lai norobe\u017eotu skursten\u012b eso\u0161o karstumu no \u0113kas konstrukcij\u0101m. T\u0101pat izol\u0101cija pagarina cauru\u013cvadu kalpo\u0161anas m\u016b\u017eu, nov\u0113r\u0161ot d\u016bmg\u0101\u017eu atdzi\u0161anu l\u012bdz punktam, kad t\u0101s kondens\u0113jas un atst\u0101j koroz\u012bvas nogulsnes uz cauru\u013cvada iek\u0161\u0113j\u0101s virsmas.<\/td>\n<\/tr>\n<\/tbody>\n<\/table>\n<!-- #tablepress-5 from cache -->\n ","protected":false},"excerpt":{"rendered":"<p>Nenosiltin\u0101tas apkures un karst\u0101 \u016bdens caurules, rada b\u016btiskus siltuma zudumus, kas palielina arvien pieaugo\u0161os apkures r\u0113\u0137inus. Apkures sezonas laik\u0101 1m nenosiltin\u0101tas apkures caurules gais\u0101 \u201eizmet\u201d ap 10.76Ls*. Hru\u0161\u010dova tipa daudzdz\u012bvok\u013cu \u0113k\u0101 ar 4 k\u0101p\u0146utelp\u0101m ir aptuveni 200m cauru\u013cu b\u0113ni\u0146os un ap 200m pagrab\u0101. Nosiltinot \u0161\u012bs caurules, iedz\u012bvot\u0101ji gad\u0101 var ietaup\u012bt ap 4300Ls. Cauru\u013cu siltin\u0101\u0161ana \u0161\u0101dai &#8230; <a class=\"read-more\" href=\"https:\/\/staging.kalobuve.lv\/en\/pipe-insulation\/\">Read more<\/a><\/p>\n","protected":false},"author":1,"featured_media":0,"parent":0,"menu_order":0,"comment_status":"closed","ping_status":"closed","template":"","meta":{"footnotes":""},"_links":{"self":[{"href":"https:\/\/staging.kalobuve.lv\/en\/wp-json\/wp\/v2\/pages\/370"}],"collection":[{"href":"https:\/\/staging.kalobuve.lv\/en\/wp-json\/wp\/v2\/pages"}],"about":[{"href":"https:\/\/staging.kalobuve.lv\/en\/wp-json\/wp\/v2\/types\/page"}],"author":[{"embeddable":true,"href":"https:\/\/staging.kalobuve.lv\/en\/wp-json\/wp\/v2\/users\/1"}],"replies":[{"embeddable":true,"href":"https:\/\/staging.kalobuve.lv\/en\/wp-json\/wp\/v2\/comments?post=370"}],"version-history":[{"count":1,"href":"https:\/\/staging.kalobuve.lv\/en\/wp-json\/wp\/v2\/pages\/370\/revisions"}],"predecessor-version":[{"id":384,"href":"https:\/\/staging.kalobuve.lv\/en\/wp-json\/wp\/v2\/pages\/370\/revisions\/384"}],"wp:attachment":[{"href":"https:\/\/staging.kalobuve.lv\/en\/wp-json\/wp\/v2\/media?parent=370"}],"curies":[{"name":"wp","href":"https:\/\/api.w.org\/{rel}","templated":true}]}}