{"id":371,"date":"2015-04-10T12:53:34","date_gmt":"2015-04-10T12:53:34","guid":{"rendered":"http:\/\/kalobuve.vartucentrs.lv\/?page_id=371"},"modified":"2015-04-10T12:53:34","modified_gmt":"2015-04-10T12:53:34","slug":"prices","status":"publish","type":"page","link":"https:\/\/staging.kalobuve.lv\/en\/prices\/","title":{"rendered":"Prices"},"content":{"rendered":"<div class=\"cenas\">\n<div class=\"left\">\n<p>Plat\u012bba<\/p>\n<p>Sl\u0101\u0146a biezums <abbr title=\"Nepiecie\u0161amais beram\u0101s vates biezums atkar\u012bgs no da\u017e\u0101diem faktoriem. K\u0101 minim\u0101lo biezumu iesak\u0101m 200mm.  Ja nav nek\u0101ds vecais siltin\u0101jums, iesak\u0101m b=250\u2013400mm.  Ja \u0161obr\u012bd b\u0113ni\u0146os ir skaidas, izded\u017ei vai fibrol\u012bts \u2013 b=200\u2013350mm.  Ja v\u0113laties paaugstin\u0101tu siltumnotur\u012bbu (piem. pas\u012bv\u0101 m\u0101ja)\u2013 b=400\u2013800mm.\">(?)<\/abbr><\/p>\n<p>Laipu garums <abbr title=\"Laipas nepiecie\u0161amas, lai nestaig\u0101tu pa vati.  T\u0101s nepiecie\u0161amas l\u012bdz jumta l\u016bkai, apkures vent\u012b\u013ciem, komunik\u0101ciju skapjiem.\">(?)<\/abbr><\/p>\n<p>\u0112kas st\u0101vu skaits<\/p>\n<p>Atra\u0161an\u0101s vieta<\/p>\n<p>V\u0101rds<\/p>\n<p>E-pasts<\/p>\n<p>Telefons<\/p>\n<p>Piez\u012bmes<\/p>\n<\/div>\n<div class=\"right\"><div role=\"form\" class=\"wpcf7\" id=\"wpcf7-f5-o1\" lang=\"en-US\" dir=\"ltr\">\n<div class=\"screen-reader-response\"><\/div>\n<form action=\"\/en\/wp-json\/wp\/v2\/pages\/371#wpcf7-f5-o1\" method=\"post\" class=\"wpcf7-form\" novalidate=\"novalidate\">\n<div style=\"display: none;\">\n<input type=\"hidden\" name=\"_wpcf7\" value=\"5\" \/>\n<input type=\"hidden\" name=\"_wpcf7_version\" value=\"4.5.1\" \/>\n<input type=\"hidden\" name=\"_wpcf7_locale\" value=\"en_US\" \/>\n<input type=\"hidden\" name=\"_wpcf7_unit_tag\" value=\"wpcf7-f5-o1\" \/>\n<input type=\"hidden\" name=\"_wpnonce\" value=\"509c6421a5\" \/>\n<\/div>\n<p><span class=\"wpcf7-form-control-wrap platiba\"><input type=\"text\" name=\"platiba\" value=\"\" size=\"40\" class=\"wpcf7-form-control wpcf7-text wpcf7-validates-as-required\" aria-required=\"true\" aria-invalid=\"false\" \/><\/span> m2<\/p>\n<p><span class=\"wpcf7-form-control-wrap slana-biezums\"><input type=\"text\" name=\"slana-biezums\" value=\"\" size=\"40\" class=\"wpcf7-form-control wpcf7-text\" aria-invalid=\"false\" \/><\/span> mm<\/p>\n<p><span class=\"wpcf7-form-control-wrap laipu-garums\"><input type=\"text\" name=\"laipu-garums\" value=\"\" size=\"40\" class=\"wpcf7-form-control wpcf7-text\" aria-invalid=\"false\" \/><\/span> m<\/p>\n<p><span class=\"wpcf7-form-control-wrap ekas-stavu-skaits\"><input type=\"text\" name=\"ekas-stavu-skaits\" value=\"\" size=\"40\" class=\"wpcf7-form-control wpcf7-text wpcf7-validates-as-required\" aria-required=\"true\" aria-invalid=\"false\" \/><\/span><\/p>\n<p><span class=\"wpcf7-form-control-wrap atrasanas-vieta\"><input type=\"text\" name=\"atrasanas-vieta\" value=\"\" size=\"40\" class=\"wpcf7-form-control wpcf7-text wpcf7-validates-as-required\" aria-required=\"true\" aria-invalid=\"false\" \/><\/span><\/p>\n<p><span class=\"wpcf7-form-control-wrap vards\"><input type=\"text\" name=\"vards\" value=\"\" size=\"40\" class=\"wpcf7-form-control wpcf7-text wpcf7-validates-as-required\" aria-required=\"true\" aria-invalid=\"false\" \/><\/span><\/p>\n<p><span class=\"wpcf7-form-control-wrap epasts\"><input type=\"email\" name=\"epasts\" value=\"\" size=\"40\" class=\"wpcf7-form-control wpcf7-text wpcf7-email wpcf7-validates-as-required wpcf7-validates-as-email\" aria-required=\"true\" aria-invalid=\"false\" \/><\/span><\/p>\n<p><span class=\"wpcf7-form-control-wrap telefons\"><input type=\"tel\" name=\"telefons\" value=\"\" size=\"40\" class=\"wpcf7-form-control wpcf7-text wpcf7-tel wpcf7-validates-as-required wpcf7-validates-as-tel\" aria-required=\"true\" aria-invalid=\"false\" \/><\/span><\/p>\n<p><span class=\"wpcf7-form-control-wrap piezimes\"><textarea name=\"piezimes\" cols=\"40\" rows=\"10\" class=\"wpcf7-form-control wpcf7-textarea\" aria-invalid=\"false\"><\/textarea><\/span><\/p>\n<div class=\"wpcf7-form-control-wrap\"><div data-sitekey=\"6LczmBEUAAAAAAg3Hn5fBm26_fBxr8WaINypCMnK\" class=\"wpcf7-form-control g-recaptcha wpcf7-recaptcha\"><\/div>\n<noscript>\n\t<div style=\"width: 302px; height: 422px;\">\n\t\t<div style=\"width: 302px; height: 422px; position: relative;\">\n\t\t\t<div style=\"width: 302px; height: 422px; position: absolute;\">\n\t\t\t\t<iframe src=\"https:\/\/www.google.com\/recaptcha\/api\/fallback?k=6LczmBEUAAAAAAg3Hn5fBm26_fBxr8WaINypCMnK\" frameborder=\"0\" scrolling=\"no\" style=\"width: 302px; height:422px; border-style: none;\">\n\t\t\t\t<\/iframe>\n\t\t\t<\/div>\n\t\t\t<div style=\"width: 300px; height: 60px; border-style: none; bottom: 12px; left: 25px; margin: 0px; padding: 0px; right: 25px; background: #f9f9f9; border: 1px solid #c1c1c1; border-radius: 3px;\">\n\t\t\t\t<textarea id=\"g-recaptcha-response\" name=\"g-recaptcha-response\" class=\"g-recaptcha-response\" style=\"width: 250px; height: 40px; border: 1px solid #c1c1c1; margin: 10px 25px; padding: 0px; resize: none;\">\n\t\t\t\t<\/textarea>\n\t\t\t<\/div>\n\t\t<\/div>\n\t<\/div>\n<\/noscript>\n<\/div>\n<p><input type=\"submit\" value=\"Send\" class=\"wpcf7-form-control wpcf7-submit\" id=\"Nosutit\" \/><\/p>\n<div class=\"wpcf7-response-output wpcf7-display-none\"><\/div><\/form><\/div><\/div>\n<\/div>\n ","protected":false},"excerpt":{"rendered":"<p>Plat\u012bba Sl\u0101\u0146a biezums (?) Laipu garums (?) \u0112kas st\u0101vu skaits Atra\u0161an\u0101s vieta V\u0101rds E-pasts Telefons Piez\u012bmes<\/p>\n","protected":false},"author":1,"featured_media":0,"parent":0,"menu_order":0,"comment_status":"closed","ping_status":"closed","template":"","meta":{"footnotes":""},"_links":{"self":[{"href":"https:\/\/staging.kalobuve.lv\/en\/wp-json\/wp\/v2\/pages\/371"}],"collection":[{"href":"https:\/\/staging.kalobuve.lv\/en\/wp-json\/wp\/v2\/pages"}],"about":[{"href":"https:\/\/staging.kalobuve.lv\/en\/wp-json\/wp\/v2\/types\/page"}],"author":[{"embeddable":true,"href":"https:\/\/staging.kalobuve.lv\/en\/wp-json\/wp\/v2\/users\/1"}],"replies":[{"embeddable":true,"href":"https:\/\/staging.kalobuve.lv\/en\/wp-json\/wp\/v2\/comments?post=371"}],"version-history":[{"count":1,"href":"https:\/\/staging.kalobuve.lv\/en\/wp-json\/wp\/v2\/pages\/371\/revisions"}],"predecessor-version":[{"id":385,"href":"https:\/\/staging.kalobuve.lv\/en\/wp-json\/wp\/v2\/pages\/371\/revisions\/385"}],"wp:attachment":[{"href":"https:\/\/staging.kalobuve.lv\/en\/wp-json\/wp\/v2\/media?parent=371"}],"curies":[{"name":"wp","href":"https:\/\/api.w.org\/{rel}","templated":true}]}}