{"id":372,"date":"2015-04-10T12:53:58","date_gmt":"2015-04-10T12:53:58","guid":{"rendered":"http:\/\/kalobuve.vartucentrs.lv\/?page_id=372"},"modified":"2015-04-10T12:53:58","modified_gmt":"2015-04-10T12:53:58","slug":"building-insulation","status":"publish","type":"page","link":"https:\/\/staging.kalobuve.lv\/en\/","title":{"rendered":"Building insulation"},"content":{"rendered":"<h1 class=\"bann\">\u0112ku siltin\u0101\u0161ana<\/h1>\n<h2 class=\"bann\">\u0112ku b\u016bvniec\u012bbas un siltin\u0101\u0161anas<br \/>\nprofesion\u0101lis<\/h2>\n<div class=\"otw-sidebar otw-sidebar-1 otw-sidebar-vertical\"><div class=\"widget otw-widget-1 widget-first widget_text_icl\">        <div class=\"textwidget\"><a href=\"\/beninu-siltinasana\/\">\r\n<h4>B\u0113ni\u0146u siltin\u0101\u0161ana<\/h4>\r\n<img src=\"\/wp-content\/uploads\/2015\/04\/1-beninu-siltinasana.png\">\r\n<\/a><\/div>\n<\/div><div class=\"widget otw-widget-2 widget_text_icl\">        <div class=\"textwidget\"><a href=\"\/caurulu-siltinasana\/\">\r\n<h4>Cauru\u013cu siltin\u0101\u0161ana<\/h4>\r\n<img src=\"\/wp-content\/uploads\/2015\/04\/1-caurulu-siltinasana.png\">\r\n<\/a><\/div>\n<\/div><div class=\"widget otw-widget-3 widget_text_icl\">        <div class=\"textwidget\"><a href=\"\/gaisGaisa spraugu siltin\u0101\u0161ana<\/h4>\r\n<img src=\"\/wp-content\/uploads\/2015\/04\/1-gaisa-spraugu-siltinasana.png\">\r\n<\/a><\/div>\n<\/div><div class=\"widget otw-widget-4 widget_text_icl\">        <div class=\"textwidget\"><a href=\"\/apmetums\/\"><h4>Apmetums<\/h4>\r\n<img src=\"\/wp-content\/uploads\/2015\/04\/1-apmetums.png\">\r\n<\/a><\/div>\n<\/div><div class=\"widget otw-widget-5 widget-last widget_text_icl\">        <div class=\"textwidget\"><a href=\"\/\/vartucentrs.lv\"><h4>Gar\u0101\u017eu v\u0101rti<\/h4>\r\n<img src=\"\/wp-content\/uploads\/2015\/04\/1-garazu-varti.jpg\">\r\n<\/a><\/div>\n<\/div><\/div>\n<div class=\"simple-content-slider\"><div> <\/div><div> <\/div><\/div>\n ","protected":false},"excerpt":{"rendered":"<p>\u0112ku siltin\u0101\u0161ana \u0112ku b\u016bvniec\u012bbas un siltin\u0101\u0161anas profesion\u0101lis<\/p>\n","protected":false},"author":1,"featured_media":0,"parent":0,"menu_order":0,"comment_status":"closed","ping_status":"closed","template":"page-first.php","meta":{"footnotes":""},"_links":{"self":[{"href":"https:\/\/staging.kalobuve.lv\/en\/wp-json\/wp\/v2\/pages\/372"}],"collection":[{"href":"https:\/\/staging.kalobuve.lv\/en\/wp-json\/wp\/v2\/pages"}],"about":[{"href":"https:\/\/staging.kalobuve.lv\/en\/wp-json\/wp\/v2\/types\/page"}],"author":[{"embeddable":true,"href":"https:\/\/staging.kalobuve.lv\/en\/wp-json\/wp\/v2\/users\/1"}],"replies":[{"embeddable":true,"href":"https:\/\/staging.kalobuve.lv\/en\/wp-json\/wp\/v2\/comments?post=372"}],"version-history":[{"count":1,"href":"https:\/\/staging.kalobuve.lv\/en\/wp-json\/wp\/v2\/pages\/372\/revisions"}],"predecessor-version":[{"id":386,"href":"https:\/\/staging.kalobuve.lv\/en\/wp-json\/wp\/v2\/pages\/372\/revisions\/386"}],"wp:attachment":[{"href":"https:\/\/staging.kalobuve.lv\/en\/wp-json\/wp\/v2\/media?parent=372"}],"curies":[{"name":"wp","href":"https:\/\/api.w.org\/{rel}","templated":true}]}}