{"id":374,"date":"2015-04-10T12:54:27","date_gmt":"2015-04-10T12:54:27","guid":{"rendered":"http:\/\/kalobuve.vartucentrs.lv\/?page_id=374"},"modified":"2015-04-10T12:54:27","modified_gmt":"2015-04-10T12:54:27","slug":"contact-us","status":"publish","type":"page","link":"https:\/\/staging.kalobuve.lv\/en\/contact-us\/","title":{"rendered":"Contact us"},"content":{"rendered":"<div class=\"telefoni\"><span style=\"color: #6DBF20;\">T\u0101lru\u0146i uzzi\u0146\u0101m:<\/span><br \/>\n<img decoding=\"async\" loading=\"lazy\" class=\"alignnone size-full wp-image-347\" src=\"\/wp-content\/uploads\/2015\/02\/tel.png\" alt=\"tel\" width=\"26\" height=\"27\" \/> +371 29474727; +371 29340588<br \/>\n<span style=\"color: #6DBF20;\">Vair\u0101k inform\u0101cijas:<\/span><br \/>\n<img decoding=\"async\" loading=\"lazy\" class=\"alignnone size-full wp-image-346\" src=\"\/wp-content\/uploads\/2015\/02\/mail.png\" alt=\"mail\" width=\"26\" height=\"25\" \/> info@kalobuve.lv\n<\/div>\n<hr \/>\n<div class=\"kontakti\"><span style=\"color: #6DBF20; font-size:17px;\">Rekviz\u012bti<\/span><br \/>\nSIA &#8220;Kalo B\u016bve&#8221;<br \/>\nRe\u0123istr\u0101cijas Nr. 40103366982<br \/>\nPVN maks\u0101t\u0101ja Nr. LV 40103366982<br \/>\nJuridisk\u0101 adrese: Kuld\u012bgas iela 15-16, R\u012bga, LV-1007<br \/>\nBiroja adrese: Pulka iela 3, korpuss 11, R\u012bga, LV-1007<\/div>\n<div class=\"kontakti\"><span style=\"color: #6DBF20; font-size: 17px;\">Nor\u0113\u0137iniem<\/span><br \/>\nNordea Bank Finland Plc Latvijas fili\u0101le<br \/>\nS.W.I.F.T kods: NDEALV2X<br \/>\nEUR konts: LV61NDEA0000083015546<\/div>\n<p><iframe loading=\"lazy\" src=\"https:\/\/www.google.com\/maps\/d\/embed?mid=zGiMhtsunxv4.kVI0v1fZ1kkY&amp;z=16\" width=\"100%\" height=\"300\"><\/iframe><\/p>\n ","protected":false},"excerpt":{"rendered":"<p>T\u0101lru\u0146i uzzi\u0146\u0101m: +371 29474727; +371 29340588 Vair\u0101k inform\u0101cijas: info@kalobuve.lv Rekviz\u012bti SIA &#8220;Kalo B\u016bve&#8221; Re\u0123istr\u0101cijas Nr. 40103366982 PVN maks\u0101t\u0101ja Nr. LV 40103366982 Juridisk\u0101 adrese: Kuld\u012bgas iela 15-16, R\u012bga, LV-1007 Biroja adrese: Pulka iela 3, korpuss 11, R\u012bga, LV-1007 Nor\u0113\u0137iniem Nordea Bank Finland Plc Latvijas fili\u0101le S.W.I.F.T kods: NDEALV2X EUR konts: LV61NDEA0000083015546<\/p>\n","protected":false},"author":1,"featured_media":0,"parent":0,"menu_order":0,"comment_status":"closed","ping_status":"closed","template":"","meta":{"footnotes":""},"_links":{"self":[{"href":"https:\/\/staging.kalobuve.lv\/en\/wp-json\/wp\/v2\/pages\/374"}],"collection":[{"href":"https:\/\/staging.kalobuve.lv\/en\/wp-json\/wp\/v2\/pages"}],"about":[{"href":"https:\/\/staging.kalobuve.lv\/en\/wp-json\/wp\/v2\/types\/page"}],"author":[{"embeddable":true,"href":"https:\/\/staging.kalobuve.lv\/en\/wp-json\/wp\/v2\/users\/1"}],"replies":[{"embeddable":true,"href":"https:\/\/staging.kalobuve.lv\/en\/wp-json\/wp\/v2\/comments?post=374"}],"version-history":[{"count":1,"href":"https:\/\/staging.kalobuve.lv\/en\/wp-json\/wp\/v2\/pages\/374\/revisions"}],"predecessor-version":[{"id":388,"href":"https:\/\/staging.kalobuve.lv\/en\/wp-json\/wp\/v2\/pages\/374\/revisions\/388"}],"wp:attachment":[{"href":"https:\/\/staging.kalobuve.lv\/en\/wp-json\/wp\/v2\/media?parent=374"}],"curies":[{"name":"wp","href":"https:\/\/api.w.org\/{rel}","templated":true}]}}