{"id":375,"date":"2015-04-10T12:54:42","date_gmt":"2015-04-10T12:54:42","guid":{"rendered":"http:\/\/kalobuve.vartucentrs.lv\/?page_id=375"},"modified":"2015-04-10T12:54:42","modified_gmt":"2015-04-10T12:54:42","slug":"about-us","status":"publish","type":"page","link":"https:\/\/staging.kalobuve.lv\/en\/about-us\/","title":{"rendered":"About us"},"content":{"rendered":"<p>Uz\u0146\u0113mums Kalo B\u016bve dibin\u0101ts 2011.gad\u0101, ta\u010du t\u0101 dibin\u0101t\u0101ji b\u016bvniec\u012bbas sf\u0113r\u0101 jau darbojas 20 gadus. M\u016bsu darbinieki ir ar 8 gadu lielu pieredzi v\u0101rtu ra\u017eo\u0161an\u0101, mont\u0101\u017ea un apkalpo\u0161an\u0101. Darbus veicam ar pilnu atbild\u012bbu pret darbu kvalit\u0101ti visos l\u012bme\u0146os &#8211; s\u0101kot ar vad\u012bbu, mened\u017eeriem l\u012bdz v\u0101rtu ra\u017eo\u0161anai un uzst\u0101d\u012b\u0161anai.<\/p>\n<p>M\u016bsu m\u0113r\u0137is ir k\u013c\u016bt par vienu no vado\u0161ajiem v\u0101rtu ra\u017eot\u0101jiem, pied\u0101v\u0101jot pla\u0161u un kvalitat\u012bvu produktu un pakalpojumu kl\u0101stu gan priv\u0101tiem, gan industri\u0101liem pat\u0113r\u0113t\u0101jiem. M\u016bsu darb\u012bba v\u0113rsta uz ilgtermi\u0146a sadarb\u012bbas veido\u0161anu ar klientiem, vi\u0146u vajadz\u012bbu apmierin\u0101\u0161anu ar idividu\u0101lu pieeju un profesion\u0101l\u0101m konsult\u0101cij\u0101m.<\/p>\n<p><a href=\"\/\/vartucentrs.lv\/wp-content\/uploads\/2015\/02\/IMG-3846-5.jpg\"><img decoding=\"async\" loading=\"lazy\" class=\" size-full wp-image-211 aligncenter\" src=\"\/\/vartucentrs.lv\/wp-content\/uploads\/2015\/02\/IMG-3846-5.jpg\" alt=\"IMG-3846-5\" width=\"600\" height=\"400\" \/><\/a><\/p>\n ","protected":false},"excerpt":{"rendered":"<p>Uz\u0146\u0113mums Kalo B\u016bve dibin\u0101ts 2011.gad\u0101, ta\u010du t\u0101 dibin\u0101t\u0101ji b\u016bvniec\u012bbas sf\u0113r\u0101 jau darbojas 20 gadus. M\u016bsu darbinieki ir ar 8 gadu lielu pieredzi v\u0101rtu ra\u017eo\u0161an\u0101, mont\u0101\u017ea un apkalpo\u0161an\u0101. Darbus veicam ar pilnu atbild\u012bbu pret darbu kvalit\u0101ti visos l\u012bme\u0146os &#8211; s\u0101kot ar vad\u012bbu, mened\u017eeriem l\u012bdz v\u0101rtu ra\u017eo\u0161anai un uzst\u0101d\u012b\u0161anai. M\u016bsu m\u0113r\u0137is ir k\u013c\u016bt par vienu no vado\u0161ajiem &#8230; <a class=\"read-more\" href=\"https:\/\/staging.kalobuve.lv\/en\/about-us\/\">Read more<\/a><\/p>\n","protected":false},"author":1,"featured_media":0,"parent":0,"menu_order":0,"comment_status":"closed","ping_status":"closed","template":"","meta":{"footnotes":""},"_links":{"self":[{"href":"https:\/\/staging.kalobuve.lv\/en\/wp-json\/wp\/v2\/pages\/375"}],"collection":[{"href":"https:\/\/staging.kalobuve.lv\/en\/wp-json\/wp\/v2\/pages"}],"about":[{"href":"https:\/\/staging.kalobuve.lv\/en\/wp-json\/wp\/v2\/types\/page"}],"author":[{"embeddable":true,"href":"https:\/\/staging.kalobuve.lv\/en\/wp-json\/wp\/v2\/users\/1"}],"replies":[{"embeddable":true,"href":"https:\/\/staging.kalobuve.lv\/en\/wp-json\/wp\/v2\/comments?post=375"}],"version-history":[{"count":1,"href":"https:\/\/staging.kalobuve.lv\/en\/wp-json\/wp\/v2\/pages\/375\/revisions"}],"predecessor-version":[{"id":389,"href":"https:\/\/staging.kalobuve.lv\/en\/wp-json\/wp\/v2\/pages\/375\/revisions\/389"}],"wp:attachment":[{"href":"https:\/\/staging.kalobuve.lv\/en\/wp-json\/wp\/v2\/media?parent=375"}],"curies":[{"name":"wp","href":"https:\/\/api.w.org\/{rel}","templated":true}]}}