{"id":242,"date":"2015-04-10T10:02:55","date_gmt":"2015-04-10T10:02:55","guid":{"rendered":"http:\/\/kalobuve.vartucentrs.lv\/?page_id=242"},"modified":"2016-04-28T09:13:19","modified_gmt":"2016-04-28T09:13:19","slug":"%d1%86%d0%b5%d0%bd%d1%8b","status":"publish","type":"page","link":"https:\/\/staging.kalobuve.lv\/ru\/%d1%86%d0%b5%d0%bd%d1%8b\/","title":{"rendered":"\u0426\u0435\u043d\u044b"},"content":{"rendered":"<p>\u0417\u0430\u043f\u043e\u043b\u043d\u0438\u0442\u0435 \u0430\u043d\u043a\u0435\u0442\u0443, \u0438 \u043c\u044b \u0432 \u0442\u0435\u0447\u0435\u043d\u0438\u0435 24 \u0447\u0430\u0441\u043e\u0432 \u0441\u0432\u044f\u0436\u0435\u043c\u0441\u044f \u0441 \u0412\u0430\u043c\u0438 \u0438 \u0441\u0434\u0435\u043b\u0430\u0435\u043c \u0446\u0435\u043d\u043e\u0432\u043e\u0435 \u043f\u0440\u0435\u0434\u043b\u043e\u0436\u0435\u043d\u0438\u0435 \u043f\u043e \u0443\u0442\u0435\u043f\u043b\u0435\u043d\u0438\u044e.<br \/>\n\u0422\u043e\u0447\u043d\u0443\u044e \u0441\u043c\u0435\u0442\u0443 \u043c\u043e\u0436\u0435\u043c \u043f\u0440\u0435\u0434\u043e\u0441\u0442\u0430\u0432\u0438\u0442\u044c \u043f\u043e\u0441\u043b\u0435 \u043e\u0441\u043c\u043e\u0442\u0440\u0430 \u043e\u0431\u044a\u0435\u043a\u0442\u0430.<\/p>\n<div class=\"cenas\">\n<div class=\"left\">\n<p>\u041f\u043b\u043e\u0449\u0430\u0434\u044c<\/p>\n<p>T\u043e\u043b\u0449\u0438\u043d\u0430 \u0441\u043b\u043e\u044f <abbr title=\"Nepiecie\u0161amais beram\u0101s vates biezums atkar\u012bgs no da\u017e\u0101diem faktoriem. K\u0101 minim\u0101lo biezumu iesak\u0101m 200mm.  Ja nav nek\u0101ds vecais siltin\u0101jums, iesak\u0101m b=250\u2013400mm.  Ja \u0161obr\u012bd b\u0113ni\u0146os ir skaidas, izded\u017ei vai fibrol\u012bts \u2013 b=200\u2013350mm.  Ja v\u0113laties paaugstin\u0101tu siltumnotur\u012bbu (piem. pas\u012bv\u0101 m\u0101ja)\u2013 b=400\u2013800mm.\">(?)<\/abbr><\/p>\n<p>\u0414\u043b\u0438\u043d\u0430 \u043c\u043e\u0441\u0442\u043a\u043e\u0432 <abbr title=\"Laipas nepiecie\u0161amas, lai nestaig\u0101tu pa vati.  T\u0101s nepiecie\u0161amas l\u012bdz jumta l\u016bkai, apkures vent\u012b\u013ciem, komunik\u0101ciju skapjiem.\">(?)<\/abbr><\/p>\n<p>\u041a\u043e\u043b\u0438\u0447\u0435\u0441\u0442\u0432\u043e \u044d\u0442\u0430\u0436\u0435\u0439<\/p>\n<p>\u041c\u0435\u0441\u0442\u043e\u043d\u0430\u0445\u043e\u0436\u0434\u0435\u043d\u0438\u044f<\/p>\n<p>\u0418\u043c\u044f<\/p>\n<p>E-mail<\/p>\n<p>\u0422\u0435\u043b\u0435\u0444\u043e\u043d<\/p>\n<p>\u041f\u0440\u0438\u043c\u0435\u0447\u0430\u043d\u0438\u044f<\/p>\n<\/div>\n<div class=\"right\"><div role=\"form\" class=\"wpcf7\" id=\"wpcf7-f241-o1\" lang=\"en-US\" dir=\"ltr\">\n<div class=\"screen-reader-response\"><\/div>\n<form action=\"\/ru\/wp-json\/wp\/v2\/pages\/242#wpcf7-f241-o1\" method=\"post\" class=\"wpcf7-form\" novalidate=\"novalidate\">\n<div style=\"display: none;\">\n<input type=\"hidden\" name=\"_wpcf7\" value=\"241\" \/>\n<input type=\"hidden\" name=\"_wpcf7_version\" value=\"4.5.1\" \/>\n<input type=\"hidden\" name=\"_wpcf7_locale\" value=\"en_US\" \/>\n<input type=\"hidden\" name=\"_wpcf7_unit_tag\" value=\"wpcf7-f241-o1\" \/>\n<input type=\"hidden\" name=\"_wpnonce\" value=\"93baee5d73\" \/>\n<\/div>\n<p><span class=\"wpcf7-form-control-wrap platiba\"><input type=\"text\" name=\"platiba\" value=\"\" size=\"40\" class=\"wpcf7-form-control wpcf7-text wpcf7-validates-as-required\" aria-required=\"true\" aria-invalid=\"false\" \/><\/span> m2<\/p>\n<p><span class=\"wpcf7-form-control-wrap slana-biezums\"><input type=\"text\" name=\"slana-biezums\" value=\"\" size=\"40\" class=\"wpcf7-form-control wpcf7-text\" aria-invalid=\"false\" \/><\/span> mm<\/p>\n<p><span class=\"wpcf7-form-control-wrap laipu-garums\"><input type=\"text\" name=\"laipu-garums\" value=\"\" size=\"40\" class=\"wpcf7-form-control wpcf7-text\" aria-invalid=\"false\" \/><\/span> m<\/p>\n<p><span class=\"wpcf7-form-control-wrap ekas-stavu-skaits\"><input type=\"text\" name=\"ekas-stavu-skaits\" value=\"\" size=\"40\" class=\"wpcf7-form-control wpcf7-text wpcf7-validates-as-required\" aria-required=\"true\" aria-invalid=\"false\" \/><\/span><\/p>\n<p><span class=\"wpcf7-form-control-wrap atrasanas-vieta\"><input type=\"text\" name=\"atrasanas-vieta\" value=\"\" size=\"40\" class=\"wpcf7-form-control wpcf7-text wpcf7-validates-as-required\" aria-required=\"true\" aria-invalid=\"false\" \/><\/span><\/p>\n<p><span class=\"wpcf7-form-control-wrap vards\"><input type=\"text\" name=\"vards\" value=\"\" size=\"40\" class=\"wpcf7-form-control wpcf7-text wpcf7-validates-as-required\" aria-required=\"true\" aria-invalid=\"false\" \/><\/span><\/p>\n<p><span class=\"wpcf7-form-control-wrap epasts\"><input type=\"email\" name=\"epasts\" value=\"\" size=\"40\" class=\"wpcf7-form-control wpcf7-text wpcf7-email wpcf7-validates-as-required wpcf7-validates-as-email\" aria-required=\"true\" aria-invalid=\"false\" \/><\/span><\/p>\n<p><span class=\"wpcf7-form-control-wrap telefons\"><input type=\"tel\" name=\"telefons\" value=\"\" size=\"40\" class=\"wpcf7-form-control wpcf7-text wpcf7-tel wpcf7-validates-as-required wpcf7-validates-as-tel\" aria-required=\"true\" aria-invalid=\"false\" \/><\/span><\/p>\n<p><span class=\"wpcf7-form-control-wrap piezimes\"><textarea name=\"piezimes\" cols=\"40\" rows=\"10\" class=\"wpcf7-form-control wpcf7-textarea\" aria-invalid=\"false\"><\/textarea><\/span><\/p>\n<div class=\"wpcf7-form-control-wrap\"><div data-sitekey=\"6LczmBEUAAAAAAg3Hn5fBm26_fBxr8WaINypCMnK\" class=\"wpcf7-form-control g-recaptcha wpcf7-recaptcha\"><\/div>\n<noscript>\n\t<div style=\"width: 302px; height: 422px;\">\n\t\t<div style=\"width: 302px; height: 422px; position: relative;\">\n\t\t\t<div style=\"width: 302px; height: 422px; position: absolute;\">\n\t\t\t\t<iframe src=\"https:\/\/www.google.com\/recaptcha\/api\/fallback?k=6LczmBEUAAAAAAg3Hn5fBm26_fBxr8WaINypCMnK\" frameborder=\"0\" scrolling=\"no\" style=\"width: 302px; height:422px; border-style: none;\">\n\t\t\t\t<\/iframe>\n\t\t\t<\/div>\n\t\t\t<div style=\"width: 300px; height: 60px; border-style: none; bottom: 12px; left: 25px; margin: 0px; padding: 0px; right: 25px; background: #f9f9f9; border: 1px solid #c1c1c1; border-radius: 3px;\">\n\t\t\t\t<textarea id=\"g-recaptcha-response\" name=\"g-recaptcha-response\" class=\"g-recaptcha-response\" style=\"width: 250px; height: 40px; border: 1px solid #c1c1c1; margin: 10px 25px; padding: 0px; resize: none;\">\n\t\t\t\t<\/textarea>\n\t\t\t<\/div>\n\t\t<\/div>\n\t<\/div>\n<\/noscript>\n<\/div>\n<p><input type=\"submit\" value=\"Send\" class=\"wpcf7-form-control wpcf7-submit\" id=\"Nosutit\" \/><\/p>\n<div class=\"wpcf7-response-output wpcf7-display-none\"><\/div><\/form><\/div><\/div>\n<\/div>\n ","protected":false},"excerpt":{"rendered":"<p>\u0417\u0430\u043f\u043e\u043b\u043d\u0438\u0442\u0435 \u0430\u043d\u043a\u0435\u0442\u0443, \u0438 \u043c\u044b \u0432 \u0442\u0435\u0447\u0435\u043d\u0438\u0435 24 \u0447\u0430\u0441\u043e\u0432 \u0441\u0432\u044f\u0436\u0435\u043c\u0441\u044f \u0441 \u0412\u0430\u043c\u0438 \u0438 \u0441\u0434\u0435\u043b\u0430\u0435\u043c \u0446\u0435\u043d\u043e\u0432\u043e\u0435 \u043f\u0440\u0435\u0434\u043b\u043e\u0436\u0435\u043d\u0438\u0435 \u043f\u043e \u0443\u0442\u0435\u043f\u043b\u0435\u043d\u0438\u044e. \u0422\u043e\u0447\u043d\u0443\u044e \u0441\u043c\u0435\u0442\u0443 \u043c\u043e\u0436\u0435\u043c \u043f\u0440\u0435\u0434\u043e\u0441\u0442\u0430\u0432\u0438\u0442\u044c \u043f\u043e\u0441\u043b\u0435 \u043e\u0441\u043c\u043e\u0442\u0440\u0430 \u043e\u0431\u044a\u0435\u043a\u0442\u0430. \u041f\u043b\u043e\u0449\u0430\u0434\u044c T\u043e\u043b\u0449\u0438\u043d\u0430 \u0441\u043b\u043e\u044f (?) \u0414\u043b\u0438\u043d\u0430 \u043c\u043e\u0441\u0442\u043a\u043e\u0432 (?) \u041a\u043e\u043b\u0438\u0447\u0435\u0441\u0442\u0432\u043e \u044d\u0442\u0430\u0436\u0435\u0439 \u041c\u0435\u0441\u0442\u043e\u043d\u0430\u0445\u043e\u0436\u0434\u0435\u043d\u0438\u044f \u0418\u043c\u044f E-mail \u0422\u0435\u043b\u0435\u0444\u043e\u043d \u041f\u0440\u0438\u043c\u0435\u0447\u0430\u043d\u0438\u044f<\/p>\n","protected":false},"author":1,"featured_media":0,"parent":0,"menu_order":0,"comment_status":"closed","ping_status":"closed","template":"","meta":{"footnotes":""},"_links":{"self":[{"href":"https:\/\/staging.kalobuve.lv\/ru\/wp-json\/wp\/v2\/pages\/242"}],"collection":[{"href":"https:\/\/staging.kalobuve.lv\/ru\/wp-json\/wp\/v2\/pages"}],"about":[{"href":"https:\/\/staging.kalobuve.lv\/ru\/wp-json\/wp\/v2\/types\/page"}],"author":[{"embeddable":true,"href":"https:\/\/staging.kalobuve.lv\/ru\/wp-json\/wp\/v2\/users\/1"}],"replies":[{"embeddable":true,"href":"https:\/\/staging.kalobuve.lv\/ru\/wp-json\/wp\/v2\/comments?post=242"}],"version-history":[{"count":3,"href":"https:\/\/staging.kalobuve.lv\/ru\/wp-json\/wp\/v2\/pages\/242\/revisions"}],"predecessor-version":[{"id":624,"href":"https:\/\/staging.kalobuve.lv\/ru\/wp-json\/wp\/v2\/pages\/242\/revisions\/624"}],"wp:attachment":[{"href":"https:\/\/staging.kalobuve.lv\/ru\/wp-json\/wp\/v2\/media?parent=242"}],"curies":[{"name":"wp","href":"https:\/\/api.w.org\/{rel}","templated":true}]}}