{"id":245,"date":"2015-04-10T10:05:35","date_gmt":"2015-04-10T10:05:35","guid":{"rendered":"http:\/\/kalobuve.vartucentrs.lv\/?page_id=245"},"modified":"2015-04-10T13:09:51","modified_gmt":"2015-04-10T13:09:51","slug":"%d1%83%d1%82%d0%b5%d0%bf%d0%bb%d0%b5%d0%bd%d0%b8%d0%b5-%d0%b4%d0%be%d0%bc%d0%be%d0%b2","status":"publish","type":"page","link":"https:\/\/staging.kalobuve.lv\/ru\/","title":{"rendered":"\u0423\u0442\u0435\u043f\u043b\u0435\u043d\u0438\u0435 \u0434\u043e\u043c\u043e\u0432"},"content":{"rendered":"<h1 class=\"bann\">\u0423\u0442\u0435\u043f\u043b\u0435\u043d\u0438\u0435 \u0434\u043e\u043c\u043e\u0432<\/h1>\n<h2 class=\"bann\">\u041f\u0440\u043e\u0444\u0435\u0441\u0441\u0438\u043e\u043d\u0430\u043b\u044b \u043f\u043e \u0441\u0442\u0440\u043e\u0438\u0442\u0435\u043b\u044c\u0441\u0442\u0432\u0443<br \/>\n\u0438 \u0443\u0442\u0435\u043f\u043b\u0435\u043d\u0438\u044e \u0437\u0434\u0430\u043d\u0438\u0439<\/h2>\n<p><div class=\"otw-sidebar otw-sidebar-1 otw-sidebar-vertical\"><div class=\"widget otw-widget-1 widget-first widget_text_icl\">        <div class=\"textwidget\"><a href=\"\/beninu-siltinasana\/\">\r\n<h4>B\u0113ni\u0146u siltin\u0101\u0161ana<\/h4>\r\n<img src=\"\/wp-content\/uploads\/2015\/04\/1-beninu-siltinasana.png\">\r\n<\/a><\/div>\n<\/div><div class=\"widget otw-widget-2 widget_text_icl\">        <div class=\"textwidget\"><a href=\"\/caurulu-siltinasana\/\">\r\n<h4>Cauru\u013cu siltin\u0101\u0161ana<\/h4>\r\n<img src=\"\/wp-content\/uploads\/2015\/04\/1-caurulu-siltinasana.png\">\r\n<\/a><\/div>\n<\/div><div class=\"widget otw-widget-3 widget_text_icl\">        <div class=\"textwidget\"><a href=\"\/?page_id=281\"><h4>Gaisa spraugu siltin\u0101\u0161ana<\/h4>\r\n<img src=\"\/wp-content\/uploads\/2015\/04\/1-gaisa-spraugu-siltinasana.png\">\r\n<\/a><\/div>\n<\/div><div class=\"widget otw-widget-4 widget_text_icl\">        <div class=\"textwidget\"><a href=\"\/apmetums\/\"><h4>Apmetums<\/h4>\r\n<img src=\"\/wp-content\/uploads\/2015\/04\/1-apmetums.png\">\r\n<\/a><\/div>\n<\/div><div class=\"widget otw-widget-5 widget-last widget_text_icl\">        <div class=\"textwidget\"><a href=\"\/\/vartucentrs.lv\"><h4>Gar\u0101\u017eu v\u0101rti<\/h4>\r\n<img src=\"\/wp-content\/uploads\/2015\/04\/1-garazu-varti.jpg\">\r\n<\/a><\/div>\n<\/div><\/div> <div class=\"simple-content-slider\"><div> <\/div><div> <\/div><\/div><\/p>\n ","protected":false},"excerpt":{"rendered":"<p>\u0423\u0442\u0435\u043f\u043b\u0435\u043d\u0438\u0435 \u0434\u043e\u043c\u043e\u0432 \u041f\u0440\u043e\u0444\u0435\u0441\u0441\u0438\u043e\u043d\u0430\u043b\u044b \u043f\u043e \u0441\u0442\u0440\u043e\u0438\u0442\u0435\u043b\u044c\u0441\u0442\u0432\u0443 \u0438 \u0443\u0442\u0435\u043f\u043b\u0435\u043d\u0438\u044e \u0437\u0434\u0430\u043d\u0438\u0439<\/p>\n","protected":false},"author":1,"featured_media":0,"parent":0,"menu_order":0,"comment_status":"closed","ping_status":"closed","template":"page-first.php","meta":{"footnotes":""},"_links":{"self":[{"href":"https:\/\/staging.kalobuve.lv\/ru\/wp-json\/wp\/v2\/pages\/245"}],"collection":[{"href":"https:\/\/staging.kalobuve.lv\/ru\/wp-json\/wp\/v2\/pages"}],"about":[{"href":"https:\/\/staging.kalobuve.lv\/ru\/wp-json\/wp\/v2\/types\/page"}],"author":[{"embeddable":true,"href":"https:\/\/staging.kalobuve.lv\/ru\/wp-json\/wp\/v2\/users\/1"}],"replies":[{"embeddable":true,"href":"https:\/\/staging.kalobuve.lv\/ru\/wp-json\/wp\/v2\/comments?post=245"}],"version-history":[{"count":2,"href":"https:\/\/staging.kalobuve.lv\/ru\/wp-json\/wp\/v2\/pages\/245\/revisions"}],"predecessor-version":[{"id":390,"href":"https:\/\/staging.kalobuve.lv\/ru\/wp-json\/wp\/v2\/pages\/245\/revisions\/390"}],"wp:attachment":[{"href":"https:\/\/staging.kalobuve.lv\/ru\/wp-json\/wp\/v2\/media?parent=245"}],"curies":[{"name":"wp","href":"https:\/\/api.w.org\/{rel}","templated":true}]}}