{"id":247,"date":"2015-04-10T10:13:19","date_gmt":"2015-04-10T10:13:19","guid":{"rendered":"http:\/\/kalobuve.vartucentrs.lv\/?page_id=247"},"modified":"2015-04-10T12:45:14","modified_gmt":"2015-04-10T12:45:14","slug":"%d1%83%d1%82%d0%b5%d0%bf%d0%bb%d0%b5%d0%bd%d0%b8%d0%b5-%d1%87%d0%b5%d1%80%d0%b4%d0%b0%d0%ba%d0%b0","status":"publish","type":"page","link":"https:\/\/staging.kalobuve.lv\/ru\/%d1%83%d1%82%d0%b5%d0%bf%d0%bb%d0%b5%d0%bd%d0%b8%d0%b5-%d1%87%d0%b5%d1%80%d0%b4%d0%b0%d0%ba%d0%b0\/","title":{"rendered":"\u0423\u0442\u0435\u043f\u043b\u0435\u043d\u0438\u0435 \u0447\u0435\u0440\u0434\u0430\u043a\u0430"},"content":{"rendered":"<div class=\"selector-box\">\n<div class=\"selector selector-current\"><a href=\"https:\/\/staging.kalobuve.lv\/ru\/%d1%83%d1%82%d0%b5%d0%bf%d0%bb%d0%b5%d0%bd%d0%b8%d0%b5-%d1%87%d0%b5%d1%80%d0%b4%d0%b0%d0%ba%d0%b0\/\">\u0423\u0442\u0435\u043f\u043b\u0435\u043d\u0438\u0435 \u0447\u0435\u0440\u0434\u0430\u043a\u0430<\/a><\/div>\n<div class=\"selector\"><a href=\"https:\/\/staging.kalobuve.lv\/ru\/%d1%83%d1%82%d0%b5%d0%bf%d0%bb%d0%b5%d0%bd%d0%b8%d0%b5-%d1%87%d0%b5%d1%80%d0%b4%d0%b0%d0%ba%d0%b0\/%d0%bc%d0%b0%d1%82%d0%b5%d1%80%d0%b8%d0%b0%d0%bb%d1%8b\/\">\u041c\u0430\u0442\u0435\u0440\u0438\u0430\u043b\u044b<\/a><\/div>\n<div class=\"selector\"><a href=\"https:\/\/staging.kalobuve.lv\/ru\/%d1%83%d1%82%d0%b5%d0%bf%d0%bb%d0%b5%d0%bd%d0%b8%d0%b5-%d1%87%d0%b5%d1%80%d0%b4%d0%b0%d0%ba%d0%b0\/%d0%b2%d0%be%d0%bf%d1%80%d0%be%d1%81%d1%8b-o%d1%82%d0%b2%d0%b5%d1%82%d1%8b\/\">\u0412\u043e\u043f\u0440\u043e\u0441\u044b \/ O\u0442\u0432\u0435\u0442\u044b<\/a><\/div>\n<div class=\"selector\"><a href=\"https:\/\/staging.kalobuve.lv\/ru\/%d1%83%d1%82%d0%b5%d0%bf%d0%bb%d0%b5%d0%bd%d0%b8%d0%b5-%d1%87%d0%b5%d1%80%d0%b4%d0%b0%d0%ba%d0%b0\/%d0%bf%d1%80%d0%b5%d0%b8%d0%bc%d1%83%d1%89%d0%b5%d1%81%d1%82%d0%b2%d0%b0\/\">\u041f\u0440\u0435\u0438\u043c\u0443\u0449\u0435\u0441\u0442\u0432\u0430<\/a><\/div>\n<div class=\"selector\"><a href=\"https:\/\/staging.kalobuve.lv\/ru\/%d1%83%d1%82%d0%b5%d0%bf%d0%bb%d0%b5%d0%bd%d0%b8%d0%b5-%d1%87%d0%b5%d1%80%d0%b4%d0%b0%d0%ba%d0%b0\/%d0%b2%d0%b8%d0%b4%d0%b5%d0%be\/\">\u0412\u0438\u0434\u0435\u043e<\/a><\/div>\n<\/div>\n<h2>\u0423\u0442\u0435\u043f\u043b\u0435\u043d\u0438\u0435 \u0447\u0435\u0440\u0434\u0430\u0447\u043d\u044b\u0445 \u043f\u043e\u043c\u0435\u0449\u0435\u043d\u0438\u0439<\/h2>\n<p><a href=\"http:\/\/kalobuve.vartucentrs.lv\/wp-content\/uploads\/2015\/04\/beninu-siltinasana.png\"><img decoding=\"async\" loading=\"lazy\" class=\" size-full wp-image-248 alignleft\" src=\"http:\/\/kalobuve.vartucentrs.lv\/wp-content\/uploads\/2015\/04\/beninu-siltinasana.png\" alt=\"beninu-siltinasana\" width=\"150\" height=\"186\" \/><\/a>\u0422\u0435\u043f\u043b\u043e\u043f\u043e\u0442\u0435\u0440\u0438 \u043e\u0442 \u043d\u0435\u0434\u043e\u0441\u0442\u0430\u0442\u043e\u0447\u043d\u043e\u0433\u043e \u0443\u0442\u0435\u043f\u043b\u0435\u043d\u0438\u044f \u0447\u0435\u0440\u0434\u0430\u0447\u043d\u044b\u0445 \u043f\u043e\u043c\u0435\u0449\u0435\u043d\u0438\u0439 \u043c\u043e\u0433\u0443\u0442 \u0434\u043e\u0441\u0442\u0438\u0433\u0430\u0442\u044c 20-30%. \u041f\u043e\u044d\u0442\u043e\u043c\u0443 \u0443\u0442\u0435\u043f\u043b\u0435\u043d\u0438\u0435 \u0447\u0435\u0440\u0434\u0430\u0447\u043d\u044b\u0445 \u043f\u043e\u043c\u0435\u0449\u0435\u043d\u0438\u0439 \u044f\u0432\u043b\u044f\u0435\u0442\u0441\u044f \u043e\u0434\u043d\u0438\u043c \u0438\u0437 \u043d\u0430\u0438\u0431\u043e\u043b\u0435\u0435 \u044d\u0444\u0444\u0435\u043a\u0442\u0438\u0432\u043d\u044b\u0445 \u043c\u0435\u0440\u043e\u043f\u0440\u0438\u044f\u0442\u0438\u0439 \u043f\u043e \u044d\u043a\u043e\u043d\u043e\u043c\u0438\u0438 \u0442\u0435\u043f\u043b\u0430, \u0434\u0430\u044e\u0449\u0438\u043c \u043c\u0433\u043d\u043e\u0432\u0435\u043d\u043d\u044b\u0439 \u044d\u0444\u0444\u0435\u043a\u0442. \u0423\u0442\u0435\u043f\u043b\u0435\u043d\u043d\u044b\u0435 \u0447\u0435\u0440\u0434\u0430\u0447\u043d\u044b\u0435 \u043f\u043e\u043c\u0435\u0449\u0435\u043d\u0438\u044f \u0441\u044d\u043a\u043e\u043d\u043e\u043c\u044f\u0442 \u043f\u043b\u0430\u0442\u0443 \u0437\u0430 \u043e\u0442\u043e\u043f\u043b\u0435\u043d\u0438\u0435 \u0438 \u043f\u0440\u043e\u0434\u043b\u044f\u0442 \u0441\u0440\u043e\u043a \u044d\u043a\u0441\u043f\u043b\u0443\u0430\u0442\u0430\u0446\u0438\u0438 \u0437\u0434\u0430\u043d\u0438\u044f.<\/p>\n<p>\u041d\u0430\u0441\u044b\u043f\u043d\u0443\u044e \u0432\u0430\u0442\u0443 \u0440\u0435\u043a\u043e\u043c\u0435\u043d\u0434\u0443\u0435\u0442\u0441\u044f \u0438\u0441\u043f\u043e\u043b\u044c\u0437\u043e\u0432\u0430\u0442\u044c \u0442\u0430\u043a\u0436\u0435 \u0432 \u043d\u043e\u0432\u043e\u0441\u0442\u0440\u043e\u0439\u043a\u0430\u0445, \u043d\u043e \u0447\u0430\u0449\u0435 \u044d\u0442\u0430 \u043f\u0440\u043e\u0431\u043b\u0435\u043c\u0430 \u0437\u0430\u0442\u0440\u0430\u0433\u0438\u0432\u0430\u0435\u0442 \u0434\u043e\u043c\u0430, \u043f\u043e\u0441\u0442\u0440\u043e\u0435\u043d\u043d\u044b\u0435 \u0432 \u043d\u0430\u0447\u0430\u043b\u0435 XX \u0432\u0435\u043a\u0430, \u0430 \u0442\u0430\u043a\u0436\u0435 \u043c\u043d\u043e\u0433\u043e\u043a\u0432\u0430\u0440\u0442\u0438\u0440\u043d\u044b\u0435 \u0437\u0434\u0430\u043d\u0438\u044f, \u043f\u043e\u0441\u0442\u0440\u043e\u0435\u043d\u043d\u044b\u0435 \u0432 \u0441\u043e\u0432\u0435\u0442\u0441\u043a\u043e\u0435 \u0432\u0440\u0435\u043c\u044f, \u0433\u0434\u0435 \u0432 \u043a\u0430\u0447\u0435\u0441\u0442\u0432\u0435 \u0442\u0435\u043f\u043b\u043e\u0438\u0437\u043e\u043b\u044f\u0446\u0438\u043e\u043d\u043d\u043e\u0433\u043e \u043c\u0430\u0442\u0435\u0440\u0438\u0430\u043b\u0430 \u043e\u0431\u044b\u0447\u043d\u043e \u0438\u0441\u043f\u043e\u043b\u044c\u0437\u043e\u0432\u0430\u043b\u0441\u044f \u0441\u043b\u043e\u0439 \u0448\u043b\u0430\u043a\u0430, \u043a\u0435\u0440\u0430\u043c\u0437\u0438\u0442\u0430 \u0438\u043b\u0438 \u0441\u0442\u0440\u0443\u0436\u043a\u0438 \u0442\u043e\u043b\u0449\u0438\u043d\u043e\u0439 15-20 \u0441\u043c. \u0422\u0430\u043a\u043e\u0435 \u0443\u0442\u0435\u043f\u043b\u0435\u043d\u0438\u0435 \u043d\u0435 \u0441\u043e\u043e\u0442\u0432\u0435\u0442\u0441\u0442\u0432\u0443\u0435\u0442 \u0441\u043e\u0432\u0440\u0435\u043c\u0435\u043d\u043d\u044b\u043c \u0442\u0440\u0435\u0431\u043e\u0432\u0430\u043d\u0438\u044f\u043c \u0442\u0435\u043f\u043b\u043e\u0438\u0437\u043e\u043b\u044f\u0446\u0438\u0438, \u043f\u043e\u044d\u0442\u043e\u043c\u0443 \u043f\u043e\u043a\u0440\u044b\u0442\u0438\u0435 \u0447\u0435\u0440\u0434\u0430\u0447\u043d\u044b\u0445 \u043f\u043e\u043c\u0435\u0449\u0435\u043d\u0438\u0439 \u0441\u043b\u0435\u0434\u0443\u0435\u0442 \u0443\u0442\u0435\u043f\u043b\u044f\u0442\u044c \u0434\u043e\u043f\u043e\u043b\u043d\u0438\u0442\u0435\u043b\u044c\u043d\u043e. \u0420\u0435\u043a\u043e\u043c\u0435\u043d\u0434\u0443\u0435\u043c\u0430\u044f \u0442\u043e\u043b\u0449\u0438\u043d\u0430 \u0434\u043e\u043f\u043e\u043b\u043d\u0438\u0442\u0435\u043b\u044c\u043d\u043e\u0439 \u0442\u0435\u043f\u043b\u043e\u0438\u0437\u043e\u043b\u044f\u0446\u0438\u0438 \u0441\u043e\u0441\u0442\u0430\u0432\u043b\u044f\u0435\u0442 \u043f\u043e \u043c\u0435\u043d\u044c\u0448\u0435\u0439 \u043c\u0435\u0440\u0435 20 \u0441\u043c. \u041f\u0440\u0438 \u043f\u043e\u0432\u044b\u0448\u0435\u043d\u0438\u0438 \u0442\u0440\u0435\u0431\u043e\u0432\u0430\u043d\u0438\u0439 \u044d\u0444\u0444\u0435\u043a\u0442\u0438\u0432\u043d\u043e\u0441\u0442\u0438 \u0438\u0441\u043f\u043e\u043b\u044c\u0437\u043e\u0432\u0430\u043d\u0438\u044f \u044d\u043d\u0435\u0440\u0433\u0438\u0438 \u0432 \u0421\u043a\u0430\u043d\u0434\u0438\u043d\u0430\u0432\u0438\u0438 \u0432 \u0437\u0434\u0430\u043d\u0438\u044f\u0445 \u0443\u043a\u043b\u0430\u0434\u044b\u0432\u0430\u0435\u0442\u0441\u044f \u0441\u043b\u043e\u0439 \u043d\u0430\u0441\u044b\u043f\u043d\u043e\u0439 \u0432\u0430\u0442\u044b \u0442\u043e\u043b\u0449\u0438\u043d\u043e\u0439 \u0434\u043e 70 \u0441\u043c.<\/p>\n<p><img decoding=\"async\" loading=\"lazy\" class=\"alignnone wp-image-23 size-full\" src=\"\/wp-content\/uploads\/2015\/04\/beninu-siltinasanas-plans.png\" alt=\"beninu-siltinasanas-plans\" width=\"600\" height=\"200\" srcset=\"https:\/\/staging.kalobuve.lv\/wp-content\/uploads\/2015\/04\/beninu-siltinasanas-plans.png 600w, https:\/\/staging.kalobuve.lv\/wp-content\/uploads\/2015\/04\/beninu-siltinasanas-plans-300x100.png 300w\" sizes=\"(max-width: 600px) 100vw, 600px\" \/><\/p>\n<table border=\"0\">\n<tbody>\n<tr>\n<td>1 \u2013 \u0410\u043d\u0442\u0438\u043a\u043e\u043d\u0434\u0435\u043d\u0441\u0430\u0442\u043d\u0430\u044f \u043f\u043b\u0435\u043d\u043a\u0430<\/p>\n<p>2 \u2013 \u0412\u043e\u0437\u0434\u0443\u0448\u043d\u0430\u044f \u043f\u0440\u043e\u0441\u043b\u043e\u0439\u043a\u0430 \u0434\u043b\u044f \u0432\u0435\u043d\u0442\u0438\u043b\u044f\u0446\u0438\u0438 \u0447\u0435\u0440\u0434\u0430\u0447\u043d\u043e\u0433\u043e \u043f\u043e\u043c\u0435\u0449\u0435\u043d\u0438\u044f<\/p>\n<p>3 \u2013 \u0411\u0430\u0440\u044c\u0435\u0440 \u0432\u0435\u0442\u0440\u043e\u043e\u0442\u0432\u043e\u0434\u0430 \u0434\u043b\u044f \u0432\u0435\u043d\u0442\u0438\u043b\u044f\u0446\u0438\u0438 \u0447\u0435\u0440\u0434\u0430\u0447\u043d\u043e\u0433\u043e \u043f\u043e\u043c\u0435\u0449\u0435\u043d\u0438\u044f<\/td>\n<td>4 \u2013 \u041d\u0430\u0441\u044b\u043f\u043d\u0430\u044f \u0432\u0430\u0442\u0430<\/p>\n<p>5 \u2013 Eso\u0161ais siltin\u0101jums (izded\u017ei, skaidas)<\/p>\n<p>6 \u2013 \u041f\u0440\u0438\u0442\u043e\u043a \u0432\u043e\u0437\u0434\u0443\u0445\u0430<\/td>\n<\/tr>\n<\/tbody>\n<\/table>\n<h2>\u0423\u0442\u0435\u043f\u043b\u0435\u043d\u0438\u0435 \u0441\u0442\u0440\u0435\u0445<\/h2>\n<p><a href=\"\/wp-content\/uploads\/2015\/04\/pazobele.png\"><img decoding=\"async\" loading=\"lazy\" class=\"  alignleft wp-image-29 size-full\" src=\"\/wp-content\/uploads\/2015\/04\/pazobele.png\" alt=\"pazobele\" width=\"140\" height=\"79\" \/><\/a><\/p>\n<p>\u0412\u043e \u0432\u0440\u0435\u043c\u044f \u0440\u0435\u043d\u043e\u0432\u0430\u0446\u0438\u0438 \u0437\u0434\u0430\u043d\u0438\u0439 \u043f\u0440\u0438 \u043f\u043e\u0441\u0442\u0440\u043e\u0439\u043a\u0435 \u0447\u0435\u0440\u0434\u0430\u0447\u043d\u044b\u0445 \u043f\u043e\u043c\u0435\u0449\u0435\u043d\u0438\u0439 \u043d\u0435\u0440\u0435\u0434\u043a\u043e \u043f\u0440\u0438 \u0437\u0430\u0431\u043e\u0442\u0435 \u043e \u0442\u043e\u043c, \u0447\u0442\u043e\u0431\u044b \u0442\u0435\u043f\u043b\u043e \u043d\u0435 \u0443\u0445\u043e\u0434\u0438\u043b\u043e \u0438\u0437 \u0432\u043d\u043e\u0432\u044c \u043f\u043e\u0441\u0442\u0440\u043e\u0435\u043d\u043d\u043e\u0433\u043e \u0437\u0434\u0430\u043d\u0438\u044f, \u0443\u0442\u0435\u043f\u043b\u0435\u043d\u0438\u0435 \u0441\u0442\u0440\u0435\u0445 \u043e\u0441\u0442\u0430\u0432\u043b\u044f\u0435\u0442\u0441\u044f \u0431\u0435\u0437 \u0432\u043d\u0438\u043c\u0430\u043d\u0438\u044f. \u0421\u0442\u0440\u0435\u0445\u0438 \u0441\u043e\u0441\u0442\u0430\u0432\u043b\u044f\u044e\u0442 \u043e\u043a\u043e\u043b\u043e 30% \u043e\u0442 \u043e\u0431\u0449\u0435\u0439 \u043f\u043b\u043e\u0449\u0430\u0434\u0438 \u0443\u0442\u0435\u043f\u043b\u044f\u0435\u043c\u043e\u0433\u043e \u043f\u0435\u0440\u0435\u043a\u0440\u044b\u0442\u0438\u044f, \u0438 \u043f\u043e\u044d\u0442\u043e\u043c\u0443 \u043f\u0440\u0438 \u0438\u0445 \u0443\u0442\u0435\u043f\u043b\u0435\u043d\u0438\u0438 \u0443\u0432\u0435\u043b\u0438\u0447\u0438\u0432\u0430\u0435\u0442\u0441\u044f \u044d\u043d\u0435\u0440\u0433\u043e\u044d\u0444\u0444\u0435\u043a\u0442\u0438\u0432\u043d\u043e\u0441\u0442\u044c, \u0447\u0442\u043e \u0443\u043c\u0435\u043d\u044c\u0448\u0435\u0442 \u0441\u0440\u0435\u0434\u0441\u0442\u0432\u0430, \u0437\u0430\u0442\u0440\u0430\u0447\u0438\u0432\u0430\u0435\u043c\u044b\u0435 \u043d\u0430 \u043e\u0442\u043e\u043f\u043b\u0435\u043d\u0438\u0435. \u041a\u0430\u043a \u043c\u043e\u0436\u043d\u043e \u0432\u0438\u0434\u0435\u0442\u044c \u043d\u0430 \u043d\u0438\u0436\u0435\u043f\u0440\u0438\u0432\u0435\u0434\u0435\u043d\u043d\u043e\u043c \u0441\u0445\u0435\u043c\u0430\u0442\u0438\u0447\u0435\u0441\u043a\u043e\u043c \u0440\u0438\u0441\u0443\u043d\u043a\u0435, \u0442\u0435\u043f\u043b\u043e \u0438\u0437 \u0432\u0435\u0440\u0445\u043d\u0435\u0433\u043e \u044d\u0442\u0430\u0436\u0430 \u043f\u043e\u043f\u0430\u0434\u0430\u0435\u0442 \u043d\u0430 \u0441\u0442\u0440\u0435\u0445\u0438 \u0447\u0435\u0440\u0435\u0437 \u043d\u0435 \u0443\u0442\u0435\u043f\u043b\u0435\u043d\u043d\u044b\u0439 \u0434\u043e\u043f\u043e\u043b\u043d\u0438\u0442\u0435\u043b\u044c\u043d\u043e \u0441\u043b\u043e\u0439 \u0448\u043b\u0430\u043a\u0430, \u0440\u0430\u0441\u0442\u0430\u043f\u043b\u0438\u0432\u0430\u044f \u0441\u043d\u0435\u0433 \u043d\u0430 \u043a\u0440\u044b\u0448\u0435 \u0438 \u043e\u0431\u0440\u0430\u0437\u0443\u044f \u0441\u043e\u0441\u0443\u043b\u044c\u043a\u0438.<\/p>\n<p>\u0414\u043b\u044f \u0441\u0442\u0430\u0440\u044b\u0445 \u0434\u0435\u0440\u0435\u0432\u044f\u043d\u043d\u044b\u0445 \u0441\u0442\u043e\u043b\u0431\u043e\u0432\u044b\u0445 \u043f\u043e\u0441\u0442\u0440\u043e\u0435\u043a \u0445\u0430\u0440\u0430\u043a\u0442\u0435\u0440\u043d\u044b \u0443\u0442\u0435\u0447\u043a\u0438 \u0442\u0435\u043f\u043b\u0430 \u0447\u0435\u0440\u0435\u0437 \u0441\u0442\u0435\u043d\u043e\u0432\u044b\u0435 \u043f\u0440\u043e\u0441\u0432\u0435\u0442\u044b. \u041f\u043e\u0442\u043e\u043a \u0442\u0435\u043f\u043b\u043e\u0433\u043e \u0432\u043e\u0437\u0434\u0443\u0445\u0430, \u0443\u043f\u0438\u0440\u0430\u044f\u0441\u044c \u0432 \u0434\u043e\u0441\u043a\u0438 \u043e\u0442\u0434\u0435\u043b\u043a\u0438 \u0444\u0430\u0441\u0430\u0434\u0430 \u0438\u043b\u0438 \u0432 \u043a\u043b\u0430\u0434\u043a\u0443 \u0434\u0435\u043a\u043e\u0440\u0430\u0442\u0438\u0432\u043d\u043e\u0433\u043e \u043a\u0438\u0440\u043f\u0438\u0447\u0430, \u043f\u043e\u0434\u043d\u0438\u043c\u0430\u0435\u0442\u0441\u044f \u0432\u0432\u0435\u0440\u0445 \u0438 \u0432\u044b\u0445\u043e\u0434\u0438\u0442 \u0438\u0437 \u0437\u0434\u0430\u043d\u0438\u044f. \u0414\u043b\u044f \u0440\u0435\u0448\u0435\u043d\u0438\u044f \u044d\u0442\u043e\u0439 \u043f\u0440\u043e\u0431\u043b\u0435\u043c\u044b \u0442\u0430\u043a\u0436\u0435 \u0432\u0435\u043b\u0438\u043a\u043e\u043b\u0435\u043f\u043d\u043e \u043f\u043e\u0434\u0445\u043e\u0434\u0438\u0442 \u043d\u0430\u0441\u044b\u043f\u043d\u0430\u044f \u043a\u0430\u043c\u0435\u043d\u043d\u0430\u044f \u0432\u0430\u0442\u0430. \u0421 \u043f\u043e\u043c\u043e\u0449\u044c\u044e \u0442\u0440\u0443\u0431\u044b \u043f\u043e\u0434\u0430\u0447\u0438 \u0432\u0430\u0442\u044b \u043c\u043e\u0436\u043d\u043e \u043b\u0435\u0433\u043a\u043e \u043f\u043e\u0434\u043e\u0431\u0440\u0430\u0442\u044c\u0441\u044f \u043a \u0443\u0437\u043a\u0438\u043c \u0441\u0442\u0440\u0435\u0445\u0430\u043c \u0438 \u0443\u0442\u0435\u043f\u043b\u0438\u0442\u044c \u0438\u0445.<\/p>\n<p><a href=\"\/wp-content\/uploads\/2015\/04\/pazobeles-siltinasanas-plans.png\"><img decoding=\"async\" loading=\"lazy\" class=\"alignnone size-full wp-image-26\" src=\"\/wp-content\/uploads\/2015\/04\/pazobeles-siltinasanas-plans.png\" alt=\"pazobeles-siltinasanas-plans\" width=\"600\" height=\"200\" srcset=\"https:\/\/staging.kalobuve.lv\/wp-content\/uploads\/2015\/04\/pazobeles-siltinasanas-plans.png 600w, https:\/\/staging.kalobuve.lv\/wp-content\/uploads\/2015\/04\/pazobeles-siltinasanas-plans-300x100.png 300w\" sizes=\"(max-width: 600px) 100vw, 600px\" \/><\/a><\/p>\n ","protected":false},"excerpt":{"rendered":"<p>\u0423\u0442\u0435\u043f\u043b\u0435\u043d\u0438\u0435 \u0447\u0435\u0440\u0434\u0430\u043a\u0430 \u041c\u0430\u0442\u0435\u0440\u0438\u0430\u043b\u044b \u0412\u043e\u043f\u0440\u043e\u0441\u044b \/ O\u0442\u0432\u0435\u0442\u044b \u041f\u0440\u0435\u0438\u043c\u0443\u0449\u0435\u0441\u0442\u0432\u0430 \u0412\u0438\u0434\u0435\u043e \u0423\u0442\u0435\u043f\u043b\u0435\u043d\u0438\u0435 \u0447\u0435\u0440\u0434\u0430\u0447\u043d\u044b\u0445 \u043f\u043e\u043c\u0435\u0449\u0435\u043d\u0438\u0439 \u0422\u0435\u043f\u043b\u043e\u043f\u043e\u0442\u0435\u0440\u0438 \u043e\u0442 \u043d\u0435\u0434\u043e\u0441\u0442\u0430\u0442\u043e\u0447\u043d\u043e\u0433\u043e \u0443\u0442\u0435\u043f\u043b\u0435\u043d\u0438\u044f \u0447\u0435\u0440\u0434\u0430\u0447\u043d\u044b\u0445 \u043f\u043e\u043c\u0435\u0449\u0435\u043d\u0438\u0439 \u043c\u043e\u0433\u0443\u0442 \u0434\u043e\u0441\u0442\u0438\u0433\u0430\u0442\u044c 20-30%. \u041f\u043e\u044d\u0442\u043e\u043c\u0443 \u0443\u0442\u0435\u043f\u043b\u0435\u043d\u0438\u0435 \u0447\u0435\u0440\u0434\u0430\u0447\u043d\u044b\u0445 \u043f\u043e\u043c\u0435\u0449\u0435\u043d\u0438\u0439 \u044f\u0432\u043b\u044f\u0435\u0442\u0441\u044f \u043e\u0434\u043d\u0438\u043c \u0438\u0437 \u043d\u0430\u0438\u0431\u043e\u043b\u0435\u0435 \u044d\u0444\u0444\u0435\u043a\u0442\u0438\u0432\u043d\u044b\u0445 \u043c\u0435\u0440\u043e\u043f\u0440\u0438\u044f\u0442\u0438\u0439 \u043f\u043e \u044d\u043a\u043e\u043d\u043e\u043c\u0438\u0438 \u0442\u0435\u043f\u043b\u0430, \u0434\u0430\u044e\u0449\u0438\u043c \u043c\u0433\u043d\u043e\u0432\u0435\u043d\u043d\u044b\u0439 \u044d\u0444\u0444\u0435\u043a\u0442. \u0423\u0442\u0435\u043f\u043b\u0435\u043d\u043d\u044b\u0435 \u0447\u0435\u0440\u0434\u0430\u0447\u043d\u044b\u0435 \u043f\u043e\u043c\u0435\u0449\u0435\u043d\u0438\u044f \u0441\u044d\u043a\u043e\u043d\u043e\u043c\u044f\u0442 \u043f\u043b\u0430\u0442\u0443 \u0437\u0430 \u043e\u0442\u043e\u043f\u043b\u0435\u043d\u0438\u0435 \u0438 \u043f\u0440\u043e\u0434\u043b\u044f\u0442 \u0441\u0440\u043e\u043a \u044d\u043a\u0441\u043f\u043b\u0443\u0430\u0442\u0430\u0446\u0438\u0438 \u0437\u0434\u0430\u043d\u0438\u044f. \u041d\u0430\u0441\u044b\u043f\u043d\u0443\u044e \u0432\u0430\u0442\u0443 \u0440\u0435\u043a\u043e\u043c\u0435\u043d\u0434\u0443\u0435\u0442\u0441\u044f \u0438\u0441\u043f\u043e\u043b\u044c\u0437\u043e\u0432\u0430\u0442\u044c \u0442\u0430\u043a\u0436\u0435 \u0432 \u043d\u043e\u0432\u043e\u0441\u0442\u0440\u043e\u0439\u043a\u0430\u0445, &#8230; <a class=\"read-more\" href=\"https:\/\/staging.kalobuve.lv\/ru\/%d1%83%d1%82%d0%b5%d0%bf%d0%bb%d0%b5%d0%bd%d0%b8%d0%b5-%d1%87%d0%b5%d1%80%d0%b4%d0%b0%d0%ba%d0%b0\/\">\u041f\u043e\u0434\u0440\u043e\u0431\u043d\u0435\u0435<\/a><\/p>\n","protected":false},"author":1,"featured_media":0,"parent":0,"menu_order":0,"comment_status":"closed","ping_status":"closed","template":"","meta":{"footnotes":""},"_links":{"self":[{"href":"https:\/\/staging.kalobuve.lv\/ru\/wp-json\/wp\/v2\/pages\/247"}],"collection":[{"href":"https:\/\/staging.kalobuve.lv\/ru\/wp-json\/wp\/v2\/pages"}],"about":[{"href":"https:\/\/staging.kalobuve.lv\/ru\/wp-json\/wp\/v2\/types\/page"}],"author":[{"embeddable":true,"href":"https:\/\/staging.kalobuve.lv\/ru\/wp-json\/wp\/v2\/users\/1"}],"replies":[{"embeddable":true,"href":"https:\/\/staging.kalobuve.lv\/ru\/wp-json\/wp\/v2\/comments?post=247"}],"version-history":[{"count":6,"href":"https:\/\/staging.kalobuve.lv\/ru\/wp-json\/wp\/v2\/pages\/247\/revisions"}],"predecessor-version":[{"id":362,"href":"https:\/\/staging.kalobuve.lv\/ru\/wp-json\/wp\/v2\/pages\/247\/revisions\/362"}],"wp:attachment":[{"href":"https:\/\/staging.kalobuve.lv\/ru\/wp-json\/wp\/v2\/media?parent=247"}],"curies":[{"name":"wp","href":"https:\/\/api.w.org\/{rel}","templated":true}]}}