{"id":254,"date":"2015-04-10T11:43:05","date_gmt":"2015-04-10T11:43:05","guid":{"rendered":"http:\/\/kalobuve.vartucentrs.lv\/?page_id=254"},"modified":"2015-04-10T12:13:33","modified_gmt":"2015-04-10T12:13:33","slug":"%d1%83%d1%82%d0%b5%d0%bf%d0%bb%d0%b5%d0%bd%d0%b8%d0%b5-%d1%82%d1%80%d1%83%d0%b1","status":"publish","type":"page","link":"https:\/\/staging.kalobuve.lv\/ru\/%d1%83%d1%82%d0%b5%d0%bf%d0%bb%d0%b5%d0%bd%d0%b8%d0%b5-%d1%82%d1%80%d1%83%d0%b1\/","title":{"rendered":"\u0443\u0442\u0435\u043f\u043b\u0435\u043d\u0438\u0435 \u0442\u0440\u0443\u0431"},"content":{"rendered":"<p>\u0422\u0440\u0443\u0431\u044b \u0434\u043b\u044f \u043e\u0442\u043e\u043f\u043b\u0435\u043d\u0438\u044f \u0438 \u0432\u043e\u0434\u043e\u043f\u0440\u043e\u0432\u043e\u0434\u0430, \u043a\u043e\u0442\u043e\u0440\u044b\u0435 \u043d\u0435 \u0441\u043d\u0430\u0431\u0436\u0435\u043d\u044b \u0442\u0435\u043f\u043b\u043e\u0438\u0437\u043e\u043b\u044f\u0446\u0438\u043e\u043d\u043d\u044b\u043c \u043f\u043e\u043a\u0440\u044b\u0442\u0438\u0435\u043c (\u043d\u0435\u0443\u0442\u0435\u043f\u043b\u0435\u043d\u043d\u044b\u0435 \u0442\u0440\u0443\u0431\u044b), \u0441\u043e\u0437\u0434\u0430\u044e\u0442 \u0441\u0443\u0449\u0435\u0441\u0442\u0432\u0435\u043d\u043d\u044b\u0435 \u043f\u043e\u0442\u0435\u0440\u0438 \u0442\u0435\u043f\u043b\u0430, \u0447\u0442\u043e \u0432 \u0441\u0432\u043e\u044e \u043e\u0447\u0435\u0440\u0435\u0434\u044c \u0443\u0432\u0435\u043b\u0438\u0447\u0438\u0432\u0430\u0435\u0442 \u0438\u0442\u0430\u043a \u043e\u0433\u0440\u043e\u043c\u043d\u044b\u0435 \u0441\u0447\u0435\u0442\u0430 \u0437\u0430 \u043e\u0442\u043e\u043f\u043b\u0435\u043d\u0438\u0435. \u0412\u043e \u0432\u0440\u0435\u043c\u044f \u043e\u0442\u043e\u043f\u0438\u0442\u0435\u043b\u044c\u043d\u043e\u0433\u043e \u0441\u0435\u0437\u043e\u043d\u0430 \u043d\u0435\u0443\u0442\u0435\u043f\u043b\u0435\u043d\u043d\u0430\u044f \u0442\u0440\u0443\u0431\u0430 \u043e\u0442\u043e\u043f\u043b\u0435\u043d\u0438\u044f \u0434\u043b\u0438\u043d\u043e\u0439 \u0432 1\u043c \u0441\u043f\u043e\u0441\u043e\u0431\u043d\u0430 \u201e\u0432\u044b\u0431\u0440\u043e\u0441\u0438\u0442\u044c \u043d\u0430 \u0432\u0435\u0442\u0435\u0440\u201d \u043f\u0440\u0438\u043c\u0435\u0440\u043d\u043e 10.76Ls*. \u0412 \u201e\u0445\u0440\u0443\u0449\u0435\u0432\u043a\u0435\u201d \u0441 4 \u043f\u043e\u0434\u044a\u0435\u0437\u0434\u0430\u043c\u0438 \u043d\u0430\u0445\u043e\u0434\u044f\u0442\u0441\u044f \u0442\u0440\u0443\u0431\u044b \u0434\u043b\u0438\u043d\u043e\u0439 \u043f\u0440\u0438\u043c\u0435\u0440\u043d\u043e \u043f\u043e 200\u043c \u043a\u0430\u043a \u0432 \u043f\u043e\u0434\u0432\u0430\u043b\u0435, \u0442\u0430\u043a \u0438 \u043d\u0430 \u0447\u0435\u0440\u0434\u0430\u043a\u0435. \u0415\u0441\u043b\u0438 \u044d\u0442\u0438 \u0442\u0440\u0443\u0431\u044b \u043f\u043e\u043a\u0440\u044b\u0442\u044c \u0442\u0435\u043f\u043b\u043e\u0438\u0437\u043e\u043b\u044f\u0446\u0438\u0435\u0439, \u0436\u0438\u0442\u0435\u043b\u0438 \u0432 \u0433\u043e\u0434 \u0441\u044d\u043a\u043e\u043d\u043e\u043c\u044f\u0442 \u043f\u0440\u0438\u043c\u0435\u0440\u043d\u043e 4300Ls. \u0421\u0442\u043e\u0438\u043c\u043e\u0441\u0442\u044c \u0440\u0430\u0431\u043e\u0442 \u043f\u043e \u0443\u0442\u0435\u043f\u043b\u0435\u043d\u0438\u044e \u0442\u0440\u0443\u0431 \u0432 \u0443\u043f\u043e\u043c\u044f\u043d\u0443\u0442\u043e\u043c \u0437\u0434\u0430\u043d\u0438\u0438 \u043f\u0440\u0438\u043c\u0435\u0440\u043d\u043e 1600 \u2013 2500Ls, \u0438\u0437 \u0447\u0435\u0433\u043e \u0441\u043b\u0435\u0434\u0443\u0435\u0442, \u0447\u0442\u043e \u0437\u0430\u0442\u0440\u0430\u0442\u044b \u043d\u0430 \u0443\u0442\u0435\u043f\u043b\u0435\u043d\u0438\u0435 \u043f\u043e\u043a\u0440\u043e\u044e\u0442\u0441\u044f \u0443\u0436\u0435 \u0432 \u0442\u0435\u0447\u0435\u043d\u0438\u0438 \u043e\u0434\u043d\u043e\u0433\u043e \u043e\u0442\u043e\u043f\u0438\u0442\u0435\u043b\u044c\u043d\u043e\u0433\u043e \u0441\u0435\u0437\u043e\u043d\u0430, \u043d\u0443 \u0430 \u0438\u0437\u043e\u043b\u044f\u0446\u0438\u044f \u0441\u043b\u0443\u0436\u0438\u0442 \u043d\u0430 \u043c\u043d\u043e\u0433\u043e \u0434\u043e\u043b\u044c\u0448\u0435.<\/p>\n<p><img decoding=\"async\" loading=\"lazy\" class=\"alignnone size-full wp-image-153\" src=\"\/wp-content\/uploads\/2015\/04\/siltuma-zudumu-aprekins-ru.png\" alt=\"siltuma-zudumu-aprekins\" width=\"600\" height=\"373\" \/><\/p>\n\n<table id=\"tablepress-7\" class=\"tablepress tablepress-id-7\">\n<tbody>\n<tr class=\"row-1\">\n\t<td rowspan=\"2\" class=\"column-1\"><img src=\"\/wp-content\/uploads\/2015\/04\/karsta-udens-caurulvadu-siltinasana.png\" title=\"karsta udens caurulvadu siltinasana\"><\/td><td class=\"column-2\"><h3><br \/>\n\u0422\u0435\u043f\u043b\u043e\u0438\u0437\u043e\u043b\u044f\u0446\u0438\u044f \u0442\u0440\u0443\u0431 \u0432\u043e\u0434\u043e\u043f\u0440\u043e\u0432\u043e\u0434\u0430 \u0433\u043e\u0440\u044f\u0447\u0435\u0439 \u0432\u043e\u0434\u044b<\/h3><\/td>\n<\/tr>\n<tr class=\"row-2\">\n\t<td class=\"column-2\">\u0412\u043e\u0434\u043e\u043f\u0440\u043e\u0432\u043e\u0434 \u0433\u043e\u0440\u044f\u0447\u0435\u0439 \u0432\u043e\u0434\u044b \u043d\u0435\u043e\u0431\u0445\u043e\u0434\u0438\u043c\u043e \u0443\u0442\u0435\u043f\u043b\u044f\u0442\u044c \u043c\u0438\u043d\u0438\u043c\u0443\u043c \u043f\u043e \u0434\u0432\u0443\u043c \u043f\u0440\u0438\u0447\u0438\u043d\u0430\u043c- \u043e\u0441\u0442\u0430\u043d\u043e\u0432\u0438\u0442\u044c \u043f\u043e\u0442\u0435\u0440\u0438 \u0442\u0435\u043f\u043b\u0430, \u0447\u0442\u043e \u0441\u0443\u0449\u0435\u0441\u0442\u0432\u0435\u043d\u043d\u043e \u0443\u0432\u0435\u043b\u0438\u0447\u0438\u0432\u0430\u0435\u0442 \u0412\u0430\u0448\u0438 \u0437\u0430\u0442\u0440\u0430\u0442\u044b \u043d\u0430 \u043e\u0442\u043e\u043f\u043b\u0435\u043d\u0438\u0435, \u0438 \u043f\u0440\u0435\u043a\u0440\u0430\u0442\u0438\u0442\u044c \u043e\u0431\u043e\u0433\u0440\u0435\u0432 \u0447\u0435\u0440\u0434\u0430\u043a\u0430, \u0447\u0442\u043e \u043f\u0440\u0438\u0432\u043e\u0434\u0438\u0442 \u043a \u0442\u0430\u044f\u043d\u0438\u044e \u0441\u043d\u0435\u0433\u0430 \u043d\u0430 \u043a\u0440\u044b\u0448\u0435 \u0438 \u043e\u0431\u0440\u0430\u0437\u043e\u0432\u0430\u043d\u0438\u044e \u0441\u043e\u0441\u0443\u043b\u0435\u043a.<\/td>\n<\/tr>\n<tr class=\"row-3\">\n\t<td rowspan=\"2\" class=\"column-1\"><img src=\"\/wp-content\/uploads\/2015\/04\/auksta-udens-caurulu-siltinasana.png\" title=\"auksta udens caurulvadu siltinasana\"><\/td><td class=\"column-2\"><h3>\u0422\u0435\u043f\u043b\u043e\u0438\u0437\u043e\u043b\u044f\u0446\u0438\u044f \u0442\u0440\u0443\u0431 \u0432\u043e\u0434\u043e\u043f\u0440\u043e\u0432\u043e\u0434\u0430 \u0445\u043e\u043b\u043e\u0434\u043d\u043e\u0439 \u0432\u043e\u0434\u044b<\/h3><\/td>\n<\/tr>\n<tr class=\"row-4\">\n\t<td class=\"column-2\">\u0412\u043e\u0434\u043e\u043f\u0440\u043e\u0432\u043e\u0434\u043d\u044b\u0435 \u0442\u0440\u0443\u0431\u044b \u0445\u043e\u043b\u043e\u0434\u043d\u043e\u0439 \u0432\u043e\u0434\u044b \u043d\u0435\u043e\u0431\u0445\u043e\u0434\u0438\u043c\u043e \u0443\u0442\u0435\u043f\u043b\u044f\u0442\u044c \u0432\u043e \u0438\u0437\u0431\u0435\u0436\u0430\u043d\u0438\u0435 \u0438\u0445 \u0437\u0430\u043c\u0435\u0440\u0437\u0430\u043d\u0438\u044f \u0437\u0438\u043c\u043e\u0439 \u0438 \u043e\u0431\u0440\u0430\u0437\u043e\u0432\u0430\u043d\u0438\u044f \u043d\u0430 \u043d\u0438\u0445 \u043a\u043e\u043d\u0434\u0435\u043d\u0441\u0430\u0442\u0430 \u0432 \u043b\u0435\u0442\u043d\u0438\u0439 \u043f\u0435\u0440\u0438\u043e\u0434 \u0432\u0440\u0435\u043c\u0435\u043d\u0438. \u041a\u0440\u043e\u043c\u0435 \u0442\u043e\u0433\u043e \u0442\u0435\u0440\u043c\u043e\u0438\u0437\u043e\u043b\u044f\u0446\u0438\u044f \u043f\u0440\u0435\u0434\u043e\u0442\u0432\u0440\u0430\u0449\u0430\u0435\u0442 \u043f\u043e\u0434\u043e\u0433\u0440\u0435\u0432 \u0445\u043e\u043b\u043e\u0434\u043d\u043e\u0439 \u0432\u043e\u0434\u044b \u0432 \u0442\u0440\u0443\u0431\u0430\u0445, \u0447\u0442\u043e \u0432 \u0441\u0432\u043e\u044e \u043e\u0447\u0435\u0440\u0435\u0434\u044c \u043f\u0440\u0435\u043f\u044f\u0442\u0441\u0442\u0432\u0443\u0435\u0442 \u043e\u0431\u0440\u0430\u0437\u043e\u0432\u0430\u043d\u0438\u044e \u0438 \u0440\u043e\u0441\u0442\u0443 \u0431\u0430\u043a\u0442\u0435\u0440\u0438\u0439 \u0432 \u0432\u043e\u0434\u0435.<\/td>\n<\/tr>\n<tr class=\"row-5\">\n\t<td rowspan=\"2\" class=\"column-1\"><img src=\"\/wp-content\/uploads\/2015\/04\/notekudenu-kanalizacijas-vadu-siltinasana.png\" title=\"notekudenu kanaliz\u0101cijas vadu siltin\u0101\u0161ana\"><\/td><td class=\"column-2\"><h3>\u0422\u0435\u043f\u043b\u043e\u0438\u0437\u043e\u043b\u044f\u0446\u0438\u044f \u0441\u0442\u043e\u0447\u043d\u044b\u0445 \u0442\u0440\u0443\u0431 \u0438 \u043a\u0430\u043d\u0430\u043b\u0438\u0437\u0430\u0446\u0438\u0438<\/h3><\/td>\n<\/tr>\n<tr class=\"row-6\">\n\t<td class=\"column-2\">\u0422\u0435\u043f\u043b\u043e\u0438\u0437\u043e\u043b\u044f\u0446\u0438\u044f \u044d\u0442\u0438\u0445 \u044d\u043b\u0435\u043c\u0435\u043d\u0442\u043e\u0432 \u043f\u0440\u0435\u0434\u043e\u0442\u0432\u0440\u0430\u0442\u0438\u0442 \u043e\u0431\u0440\u0430\u0437\u043e\u0432\u0430\u043d\u0438\u044e \u0432 \u043d\u0438\u0445 \u043a\u043e\u043d\u0434\u0435\u043d\u0441\u0430\u0442\u0430, \u0430 \u0442\u0430\u043a-\u0436\u0435 \u0437\u0430\u0449\u0438\u0442\u0438\u0442\u044c \u043e\u0442 \u0448\u0443\u043c\u0430.<\/td>\n<\/tr>\n<tr class=\"row-7\">\n\t<td rowspan=\"2\" class=\"column-1\"><img src=\"\/wp-content\/uploads\/2015\/04\/ventilacijas-kanala-siltinasana.png\" title=\"Ventil\u0101cijas kan\u0101lu siltin\u0101\u0161ana\"<\/td><td class=\"column-2\"><h3>\u0422\u0435\u043f\u043b\u043e\u0438\u0437\u043e\u043b\u044f\u0446\u0438\u044f \u0432\u0435\u043d\u0442\u0438\u043b\u044f\u0446\u0438\u043e\u043d\u043d\u044b\u0445 \u043a\u0430\u043d\u0430\u043b\u043e\u0432<\/h3><\/td>\n<\/tr>\n<tr class=\"row-8\">\n\t<td class=\"column-2\">\u041d\u0435 \u0442\u0440\u0430\u0442\u044c\u0442\u0435 \u044d\u043d\u0435\u0440\u0433\u0438\u044e \u0437\u0440\u044f, \u0438\u0437\u0431\u0435\u0433\u0430\u0439\u0442\u0435 \u0442\u0440\u0430\u043d\u0441\u043f\u043e\u0440\u0442\u0438\u0440\u043e\u0432\u043a\u0438 \u0445\u043e\u043b\u043e\u0434\u043d\u043e\u0433\u043e \u0438\u043b\u0438 \u0442\u0451\u043f\u043b\u043e\u0433\u043e \u0432\u043e\u0437\u0434\u0443\u0445\u0430 \u043f\u043e \u0432\u0435\u043d\u0442\u0438\u043b\u044f\u0446\u0438\u043e\u043d\u043d\u044b\u043c \u043a\u0430\u043d\u0430\u043b\u0430\u043c, \u043a\u043e\u0442\u043e\u0440\u044b\u0435 \u043d\u0435 \u043f\u043e\u043a\u0440\u044b\u0442\u044b \u0442\u0435\u043f\u043b\u043e\u0438\u0437\u043e\u043b\u044f\u0446\u0438\u0435\u0439. \u041a\u0440\u043e\u043c\u0435 \u0442\u043e\u0433\u043e \u0438\u0437\u043e\u043b\u044f\u0446\u0438\u044f \u043f\u0440\u0435\u0434\u043e\u0442\u0432\u0440\u0430\u0442\u0438\u0442 \u043e\u0431\u0440\u0430\u0437\u043e\u0432\u0430\u043d\u0438\u044e \u043a\u043e\u043d\u0434\u0435\u043d\u0441\u0430\u0442\u0430 \u043d\u0430 \u043d\u0430\u0440\u0443\u0436\u043d\u043e\u0439 \u043f\u043e\u0432\u0435\u0440\u0445\u043d\u043e\u0441\u0442\u0438 \u043f\u043e\u043a\u0440\u044b\u0442\u0438\u044f.<\/td>\n<\/tr>\n<tr class=\"row-9\">\n\t<td rowspan=\"2\" class=\"column-1\"><img src=\"\/wp-content\/uploads\/2015\/04\/skurstenu-siltinasana.png\" title=\"skurste<br \/>\nnu siltin\u0101\u0161ana\"><\/td><td class=\"column-2\"><h3>\u0422\u0435\u043f\u043b\u043e\u0438\u0437\u043e\u043b\u044f\u0446\u0438\u044f \u0434\u044b\u043c\u043e\u0445\u043e\u0434\u043e\u0432<\/h3><\/td>\n<\/tr>\n<tr class=\"row-10\">\n\t<td class=\"column-2\">\u0414\u043b\u044f \u0442\u043e\u0433\u043e, \u0447\u0442\u043e-\u0431\u044b \u0437\u0430\u0449\u0438\u0442\u0438\u0442\u044c \u0432\u043d\u0435\u0448\u043d\u0438\u0435 \u043a\u043e\u043d\u0441\u0442\u0440\u0443\u043a\u0446\u0438\u0438 \u0437\u0434\u0430\u043d\u0438\u044f \u043e\u0442 \u0436\u0430\u0440\u0430 \u0432 \u0434\u044b\u043c\u043e\u0445\u043e\u0434\u0435, \u043d\u0435\u043e\u0431\u0445\u043e\u0434\u0438\u043c\u0430 \u0442\u0435\u043f\u043b\u043e\u0438\u0437\u043e\u043b\u044f\u0446\u0438\u044f \u0434\u044b\u043c\u043e\u0445\u043e\u0434\u0430. \u0418\u0437\u043e\u043b\u044f\u0446\u0438\u044f \u0442\u0430\u043a-\u0436\u0435 \u043f\u0440\u043e\u0434\u043b\u0438\u0442 \u0438\u0437\u043d\u043e\u0441\u043e\u0441\u0442\u043e\u0439\u043a\u043e\u0441\u0442\u044c \u0442\u0440\u0443\u0431\u044b, \u0442\u0435\u043c \u0441\u0430\u043c\u044b\u043c \u043f\u0440\u0435\u0434\u043e\u0442\u0432\u0440\u0430\u0442\u0438\u0432 \u043e\u0445\u043b\u0430\u0436\u0434\u0435\u043d\u0438\u044e \u0443\u0433\u043e\u043b\u044c\u043d\u043e\u0433\u043e \u0433\u0430\u0437\u0430 \u0434\u043e \u0443\u0440\u043e\u0432\u043d\u044f, \u043f\u0440\u0438 \u043a\u043e\u0442\u043e\u0440\u043e\u043c \u0442\u043e\u0442 \u043f\u0440\u0435\u0432\u0440\u0430\u0449\u0430\u0435\u0442\u0441\u044f \u0432 \u043a\u043e\u043d\u0434\u0435\u043d\u0441\u0430\u0442 \u0438 \u043e\u0441\u0442\u0430\u0432\u043b\u044f\u0435\u0442 \u043a\u043e\u0440\u0440\u043e\u0437\u0438\u043e\u043d\u043d\u044b\u0435 \u043e\u0441\u0430\u0434\u043a\u0438 \u043d\u0430 \u0432\u043d\u0443\u0442\u0440\u0435\u043d\u043d\u0435\u0439 \u043f\u043e\u0432\u0435\u0440\u0445\u043d\u043e\u0441\u0442\u0438 \u0442\u0440\u0443\u0431\u043e\u043f\u0440\u043e\u0432\u043e\u0434\u0430.<\/td>\n<\/tr>\n<\/tbody>\n<\/table>\n<!-- #tablepress-7 from cache -->\n ","protected":false},"excerpt":{"rendered":"<p>\u0422\u0440\u0443\u0431\u044b \u0434\u043b\u044f \u043e\u0442\u043e\u043f\u043b\u0435\u043d\u0438\u044f \u0438 \u0432\u043e\u0434\u043e\u043f\u0440\u043e\u0432\u043e\u0434\u0430, \u043a\u043e\u0442\u043e\u0440\u044b\u0435 \u043d\u0435 \u0441\u043d\u0430\u0431\u0436\u0435\u043d\u044b \u0442\u0435\u043f\u043b\u043e\u0438\u0437\u043e\u043b\u044f\u0446\u0438\u043e\u043d\u043d\u044b\u043c \u043f\u043e\u043a\u0440\u044b\u0442\u0438\u0435\u043c (\u043d\u0435\u0443\u0442\u0435\u043f\u043b\u0435\u043d\u043d\u044b\u0435 \u0442\u0440\u0443\u0431\u044b), \u0441\u043e\u0437\u0434\u0430\u044e\u0442 \u0441\u0443\u0449\u0435\u0441\u0442\u0432\u0435\u043d\u043d\u044b\u0435 \u043f\u043e\u0442\u0435\u0440\u0438 \u0442\u0435\u043f\u043b\u0430, \u0447\u0442\u043e \u0432 \u0441\u0432\u043e\u044e \u043e\u0447\u0435\u0440\u0435\u0434\u044c \u0443\u0432\u0435\u043b\u0438\u0447\u0438\u0432\u0430\u0435\u0442 \u0438\u0442\u0430\u043a \u043e\u0433\u0440\u043e\u043c\u043d\u044b\u0435 \u0441\u0447\u0435\u0442\u0430 \u0437\u0430 \u043e\u0442\u043e\u043f\u043b\u0435\u043d\u0438\u0435. \u0412\u043e \u0432\u0440\u0435\u043c\u044f \u043e\u0442\u043e\u043f\u0438\u0442\u0435\u043b\u044c\u043d\u043e\u0433\u043e \u0441\u0435\u0437\u043e\u043d\u0430 \u043d\u0435\u0443\u0442\u0435\u043f\u043b\u0435\u043d\u043d\u0430\u044f \u0442\u0440\u0443\u0431\u0430 \u043e\u0442\u043e\u043f\u043b\u0435\u043d\u0438\u044f \u0434\u043b\u0438\u043d\u043e\u0439 \u0432 1\u043c \u0441\u043f\u043e\u0441\u043e\u0431\u043d\u0430 \u201e\u0432\u044b\u0431\u0440\u043e\u0441\u0438\u0442\u044c \u043d\u0430 \u0432\u0435\u0442\u0435\u0440\u201d \u043f\u0440\u0438\u043c\u0435\u0440\u043d\u043e 10.76Ls*. \u0412 \u201e\u0445\u0440\u0443\u0449\u0435\u0432\u043a\u0435\u201d \u0441 4 \u043f\u043e\u0434\u044a\u0435\u0437\u0434\u0430\u043c\u0438 \u043d\u0430\u0445\u043e\u0434\u044f\u0442\u0441\u044f \u0442\u0440\u0443\u0431\u044b \u0434\u043b\u0438\u043d\u043e\u0439 \u043f\u0440\u0438\u043c\u0435\u0440\u043d\u043e \u043f\u043e 200\u043c \u043a\u0430\u043a \u0432 &#8230; <a class=\"read-more\" href=\"https:\/\/staging.kalobuve.lv\/ru\/%d1%83%d1%82%d0%b5%d0%bf%d0%bb%d0%b5%d0%bd%d0%b8%d0%b5-%d1%82%d1%80%d1%83%d0%b1\/\">\u041f\u043e\u0434\u0440\u043e\u0431\u043d\u0435\u0435<\/a><\/p>\n","protected":false},"author":1,"featured_media":0,"parent":0,"menu_order":0,"comment_status":"closed","ping_status":"closed","template":"","meta":{"footnotes":""},"_links":{"self":[{"href":"https:\/\/staging.kalobuve.lv\/ru\/wp-json\/wp\/v2\/pages\/254"}],"collection":[{"href":"https:\/\/staging.kalobuve.lv\/ru\/wp-json\/wp\/v2\/pages"}],"about":[{"href":"https:\/\/staging.kalobuve.lv\/ru\/wp-json\/wp\/v2\/types\/page"}],"author":[{"embeddable":true,"href":"https:\/\/staging.kalobuve.lv\/ru\/wp-json\/wp\/v2\/users\/1"}],"replies":[{"embeddable":true,"href":"https:\/\/staging.kalobuve.lv\/ru\/wp-json\/wp\/v2\/comments?post=254"}],"version-history":[{"count":3,"href":"https:\/\/staging.kalobuve.lv\/ru\/wp-json\/wp\/v2\/pages\/254\/revisions"}],"predecessor-version":[{"id":310,"href":"https:\/\/staging.kalobuve.lv\/ru\/wp-json\/wp\/v2\/pages\/254\/revisions\/310"}],"wp:attachment":[{"href":"https:\/\/staging.kalobuve.lv\/ru\/wp-json\/wp\/v2\/media?parent=254"}],"curies":[{"name":"wp","href":"https:\/\/api.w.org\/{rel}","templated":true}]}}