{"id":269,"date":"2015-04-10T11:50:59","date_gmt":"2015-04-10T11:50:59","guid":{"rendered":"http:\/\/kalobuve.vartucentrs.lv\/?page_id=269"},"modified":"2015-04-10T12:27:51","modified_gmt":"2015-04-10T12:27:51","slug":"%d0%b2%d0%b8%d0%b4%d0%b5%d0%be","status":"publish","type":"page","link":"https:\/\/staging.kalobuve.lv\/ru\/%d1%83%d1%82%d0%b5%d0%bf%d0%bb%d0%b5%d0%bd%d0%b8%d0%b5-%d1%87%d0%b5%d1%80%d0%b4%d0%b0%d0%ba%d0%b0\/%d0%b2%d0%b8%d0%b4%d0%b5%d0%be\/","title":{"rendered":"\u0412\u0438\u0434\u0435\u043e"},"content":{"rendered":"<div class=\"selector-box\">\n<div class=\"selector\"><a href=\"https:\/\/staging.kalobuve.lv\/ru\/%d1%83%d1%82%d0%b5%d0%bf%d0%bb%d0%b5%d0%bd%d0%b8%d0%b5-%d1%87%d0%b5%d1%80%d0%b4%d0%b0%d0%ba%d0%b0\/\">\u0423\u0442\u0435\u043f\u043b\u0435\u043d\u0438\u0435 \u0447\u0435\u0440\u0434\u0430\u043a\u0430<\/a><\/div>\n<div class=\"selector\"><a href=\"https:\/\/staging.kalobuve.lv\/ru\/%d1%83%d1%82%d0%b5%d0%bf%d0%bb%d0%b5%d0%bd%d0%b8%d0%b5-%d1%87%d0%b5%d1%80%d0%b4%d0%b0%d0%ba%d0%b0\/%d0%bc%d0%b0%d1%82%d0%b5%d1%80%d0%b8%d0%b0%d0%bb%d1%8b\/\">\u041c\u0430\u0442\u0435\u0440\u0438\u0430\u043b\u044b<\/a><\/div>\n<div class=\"selector\"><a href=\"https:\/\/staging.kalobuve.lv\/ru\/%d1%83%d1%82%d0%b5%d0%bf%d0%bb%d0%b5%d0%bd%d0%b8%d0%b5-%d1%87%d0%b5%d1%80%d0%b4%d0%b0%d0%ba%d0%b0\/%d0%b2%d0%be%d0%bf%d1%80%d0%be%d1%81%d1%8b-o%d1%82%d0%b2%d0%b5%d1%82%d1%8b\/\">\u0412\u043e\u043f\u0440\u043e\u0441\u044b \/ O\u0442\u0432\u0435\u0442\u044b<\/a><\/div>\n<div class=\"selector\"><a href=\"https:\/\/staging.kalobuve.lv\/ru\/%d1%83%d1%82%d0%b5%d0%bf%d0%bb%d0%b5%d0%bd%d0%b8%d0%b5-%d1%87%d0%b5%d1%80%d0%b4%d0%b0%d0%ba%d0%b0\/%d0%bf%d1%80%d0%b5%d0%b8%d0%bc%d1%83%d1%89%d0%b5%d1%81%d1%82%d0%b2%d0%b0\/\">\u041f\u0440\u0435\u0438\u043c\u0443\u0449\u0435\u0441\u0442\u0432\u0430<\/a><\/div>\n<div class=\"selector selector-current\"><a href=\"https:\/\/staging.kalobuve.lv\/ru\/%d1%83%d1%82%d0%b5%d0%bf%d0%bb%d0%b5%d0%bd%d0%b8%d0%b5-%d1%87%d0%b5%d1%80%d0%b4%d0%b0%d0%ba%d0%b0\/%d0%b2%d0%b8%d0%b4%d0%b5%d0%be\/\">\u0412\u0438\u0434\u0435\u043e<\/a><\/div>\n<\/div>\n<h2>Kalo B\u016bve LTV-7 \u0432 \u043f\u0440\u043e\u0433\u0440\u0430\u043c\u043c\u0435 &#8220;\u0423\u0442\u0440\u043e&#8221;<\/h2>\n<p><iframe loading=\"lazy\" src=\"http:\/\/www.youtube.com\/embed\/71IshRaS2B4?rel=0\" width=\"560\" height=\"315\" frameborder=\"0\"><\/iframe><\/p>\n<h2>Kalo B\u016bves rekl\u0101mas klips (\u012bsais)<\/h2>\n<p><iframe loading=\"lazy\" src=\"http:\/\/www.youtube.com\/embed\/cfz5S9mvvJI?rel=0\" width=\"560\" height=\"315\" frameborder=\"0\"><\/iframe><\/p>\n<h2>Kalo B\u016bve LTV-7 r\u012bta programm\u0101<\/h2>\n<p><iframe loading=\"lazy\" src=\"http:\/\/www.youtube.com\/embed\/JMQ88vF8pwg?rel=0\" width=\"560\" height=\"420\" frameborder=\"0\"><\/iframe><\/p>\n<h2>Kalo B\u016bves rekl\u0101mas klips (garais)<\/h2>\n<p><iframe loading=\"lazy\" src=\"http:\/\/www.youtube.com\/embed\/z0HDB83C48g?rel=0\" width=\"560\" height=\"315\" frameborder=\"0\"><\/iframe><\/p>\n ","protected":false},"excerpt":{"rendered":"<p>\u0423\u0442\u0435\u043f\u043b\u0435\u043d\u0438\u0435 \u0447\u0435\u0440\u0434\u0430\u043a\u0430 \u041c\u0430\u0442\u0435\u0440\u0438\u0430\u043b\u044b \u0412\u043e\u043f\u0440\u043e\u0441\u044b \/ O\u0442\u0432\u0435\u0442\u044b \u041f\u0440\u0435\u0438\u043c\u0443\u0449\u0435\u0441\u0442\u0432\u0430 \u0412\u0438\u0434\u0435\u043e Kalo B\u016bve LTV-7 \u0432 \u043f\u0440\u043e\u0433\u0440\u0430\u043c\u043c\u0435 &#8220;\u0423\u0442\u0440\u043e&#8221; Kalo B\u016bves rekl\u0101mas klips (\u012bsais) Kalo B\u016bve LTV-7 r\u012bta programm\u0101 Kalo B\u016bves rekl\u0101mas klips (garais)<\/p>\n","protected":false},"author":1,"featured_media":0,"parent":247,"menu_order":0,"comment_status":"closed","ping_status":"closed","template":"","meta":{"footnotes":""},"_links":{"self":[{"href":"https:\/\/staging.kalobuve.lv\/ru\/wp-json\/wp\/v2\/pages\/269"}],"collection":[{"href":"https:\/\/staging.kalobuve.lv\/ru\/wp-json\/wp\/v2\/pages"}],"about":[{"href":"https:\/\/staging.kalobuve.lv\/ru\/wp-json\/wp\/v2\/types\/page"}],"author":[{"embeddable":true,"href":"https:\/\/staging.kalobuve.lv\/ru\/wp-json\/wp\/v2\/users\/1"}],"replies":[{"embeddable":true,"href":"https:\/\/staging.kalobuve.lv\/ru\/wp-json\/wp\/v2\/comments?post=269"}],"version-history":[{"count":2,"href":"https:\/\/staging.kalobuve.lv\/ru\/wp-json\/wp\/v2\/pages\/269\/revisions"}],"predecessor-version":[{"id":347,"href":"https:\/\/staging.kalobuve.lv\/ru\/wp-json\/wp\/v2\/pages\/269\/revisions\/347"}],"up":[{"embeddable":true,"href":"https:\/\/staging.kalobuve.lv\/ru\/wp-json\/wp\/v2\/pages\/247"}],"wp:attachment":[{"href":"https:\/\/staging.kalobuve.lv\/ru\/wp-json\/wp\/v2\/media?parent=269"}],"curies":[{"name":"wp","href":"https:\/\/api.w.org\/{rel}","templated":true}]}}