{"id":281,"date":"2015-04-10T12:00:24","date_gmt":"2015-04-10T12:00:24","guid":{"rendered":"http:\/\/kalobuve.vartucentrs.lv\/?page_id=281"},"modified":"2015-04-10T12:01:02","modified_gmt":"2015-04-10T12:01:02","slug":"%d1%83%d1%82%d0%b5%d0%bf%d0%bb%d0%b5%d0%bd%d0%b8%d0%b5-%d1%81%d1%82%d0%b5%d0%bd","status":"publish","type":"page","link":"https:\/\/staging.kalobuve.lv\/ru\/%d1%83%d1%82%d0%b5%d0%bf%d0%bb%d0%b5%d0%bd%d0%b8%d0%b5-%d1%81%d1%82%d0%b5%d0%bd\/","title":{"rendered":"\u0423\u0442\u0435\u043f\u043b\u0435\u043d\u0438\u0435 \u0441\u0442\u0435\u043d"},"content":{"rendered":"<p>\u0423\u0442\u0435\u043f\u043b\u0435\u043d\u0438\u0435 \u0432\u043e\u0437\u0434\u0443\u0448\u043d\u043e\u0439 \u043f\u0440\u043e\u0441\u043b\u043e\u0439\u043a\u0438 \u043d\u0430\u0440\u0443\u0436\u043d\u0438\u0445 \u0441\u0442\u0435\u043d \u0437\u0434\u0430\u043d\u0438\u0439 \u0442\u0435\u043f\u043b\u043e\u0438\u0437\u043e\u043b\u044f\u0446\u0438\u043e\u043d\u043d\u044b\u043c \u043c\u0430\u0442\u0435\u0440\u0438\u0430\u043b\u0430\u043c\u0438:<br \/>\n<img decoding=\"async\" loading=\"lazy\" class=\" size-full wp-image-184 alignright\" src=\"http:\/\/kalobuve.vartucentrs.lv\/wp-content\/uploads\/2015\/04\/gaisa-spraugu-siltinasana.jpg\" alt=\"gaisa-spraugu-siltinasana\" width=\"224\" height=\"166\" srcset=\"https:\/\/staging.kalobuve.lv\/wp-content\/uploads\/2015\/04\/gaisa-spraugu-siltinasana.jpg 224w, https:\/\/staging.kalobuve.lv\/wp-content\/uploads\/2015\/04\/gaisa-spraugu-siltinasana-160x120.jpg 160w\" sizes=\"(max-width: 224px) 100vw, 224px\" \/><br \/>\n&#8211; stiropora granulas HK-35<br \/>\n&#8211; RigiBead<br \/>\n&#8211; Paroc beramo akmens vati.<\/p>\n<p>S\u012bk\u0101k par katru materi\u0101lu J\u016bs uzzin\u0101siet sazinoties ar m\u016bsu konsultantu.<\/p>\n ","protected":false},"excerpt":{"rendered":"<p>\u0423\u0442\u0435\u043f\u043b\u0435\u043d\u0438\u0435 \u0432\u043e\u0437\u0434\u0443\u0448\u043d\u043e\u0439 \u043f\u0440\u043e\u0441\u043b\u043e\u0439\u043a\u0438 \u043d\u0430\u0440\u0443\u0436\u043d\u0438\u0445 \u0441\u0442\u0435\u043d \u0437\u0434\u0430\u043d\u0438\u0439 \u0442\u0435\u043f\u043b\u043e\u0438\u0437\u043e\u043b\u044f\u0446\u0438\u043e\u043d\u043d\u044b\u043c \u043c\u0430\u0442\u0435\u0440\u0438\u0430\u043b\u0430\u043c\u0438: &#8211; stiropora granulas HK-35 &#8211; RigiBead &#8211; Paroc beramo akmens vati. S\u012bk\u0101k par katru materi\u0101lu J\u016bs uzzin\u0101siet sazinoties ar m\u016bsu konsultantu.<\/p>\n","protected":false},"author":1,"featured_media":0,"parent":0,"menu_order":0,"comment_status":"closed","ping_status":"closed","template":"","meta":{"footnotes":""},"_links":{"self":[{"href":"https:\/\/staging.kalobuve.lv\/ru\/wp-json\/wp\/v2\/pages\/281"}],"collection":[{"href":"https:\/\/staging.kalobuve.lv\/ru\/wp-json\/wp\/v2\/pages"}],"about":[{"href":"https:\/\/staging.kalobuve.lv\/ru\/wp-json\/wp\/v2\/types\/page"}],"author":[{"embeddable":true,"href":"https:\/\/staging.kalobuve.lv\/ru\/wp-json\/wp\/v2\/users\/1"}],"replies":[{"embeddable":true,"href":"https:\/\/staging.kalobuve.lv\/ru\/wp-json\/wp\/v2\/comments?post=281"}],"version-history":[{"count":2,"href":"https:\/\/staging.kalobuve.lv\/ru\/wp-json\/wp\/v2\/pages\/281\/revisions"}],"predecessor-version":[{"id":283,"href":"https:\/\/staging.kalobuve.lv\/ru\/wp-json\/wp\/v2\/pages\/281\/revisions\/283"}],"wp:attachment":[{"href":"https:\/\/staging.kalobuve.lv\/ru\/wp-json\/wp\/v2\/media?parent=281"}],"curies":[{"name":"wp","href":"https:\/\/api.w.org\/{rel}","templated":true}]}}